{"id":1001,"date":"2017-03-24T22:01:08","date_gmt":"2017-03-24T21:01:08","guid":{"rendered":"https:\/\/untenlassen.org\/?page_id=1001"},"modified":"2017-04-01T20:23:03","modified_gmt":"2017-04-01T19:23:03","slug":"beispiel","status":"publish","type":"page","link":"https:\/\/untenlassen.org\/fr\/hintergrund\/unterlassungserklaerungen\/beispiel","title":{"rendered":"Beispiel"},"content":{"rendered":"<p>Hier dokumentieren wir eine von RWE verschickte Unterlassungserkl\u00e4rung im Wortlaut:<\/p>\n<h2><strong>Unterlassungsverpflichtungserkl\u00e4rung<\/strong><\/h2>\n<p>der Frau\/des Herrn [Vorname Nachname]<\/p>\n<p style=\"text-align: right;\">(im Folgenden: Schuldner\/in)<\/p>\n<p>gegen\u00fcber der<\/p>\n<p>RWE Power AG, Huyssenallee 2, 45128 Essen,<\/p>\n<p style=\"text-align: right;\">(im Folgenden: Gl\u00e4ubigerin)<\/p>\n<p>Der Schuldner nimmt zur Kenntnis, dass ihm die Gl\u00e4ubigerin hiermit ein zeitlich unbegrenztes Betretungsverbot\/Hausverbot f\u00fcr s\u00e4mtliche Betriebsfl\u00e4chen und Anlagen der RWE Power AG erteilt. Jede Zuwiderhandlung wird zur Anzeige wegen Hausfriedensbruchs und sonstiger in Betracht kommender Straftatbest\u00e4nde gebracht. Unber\u00fchrt bleiben zivilrechtliche Schadensersatzanspr\u00fcche oder Strafzahlungen aufgrund einer Verurteilung nach dem Strafgesetzbuch.<\/p>\n<p>Der Schuldner verpflichtet sich dar\u00fcber hinaus, es bei Meidung einer f\u00fcr jeden Fall der Zuwiderhandlung von der Gl\u00e4ubigerin festzusetzenden angemessenen Vertragsstrafe, deren H\u00f6he im Nichteinigungsfall von dem zust\u00e4ndigen Landgericht \u00fcberpr\u00fcft werden kann, zu unterlassen,<\/p>\n<ul>\n<li>den Betrieb der RWE Power AG zu st\u00f6ren, insbesondere den Betrieb der Kraftwerke der werkseigenen Kohlebahn -Hambachbahn- und den Tagebaubetrieb der RWE Power AG in den Tagebauen Garzweiler, Hambach oder Inden durch Besetzung von Gel\u00e4nde, Gleisanlagen, Abraumbaggern und\/oder anderen Betriebsfahrzeugen oder -mitteln und\/oder durch andere St\u00f6raktionen zu beeintr\u00e4chtigen oder unm\u00f6glich zu machen sowie<\/li>\n<li>s\u00e4mtliche Betriebsfl\u00e4chen und Anlagen der RWE Power AG, insbesondere das Gel\u00e4nde der Tagebaue Garzweiler, Hambach und Inden sowie die Fl\u00e4chen und Betriebsanlagen der betriebseigenen Eisenbahnen, die Fl\u00e4chen und Anlagen der Kraftwerke einschl. Nebeneinrichtungen sowie der Veredlungsbetriebe zu betreten und\/oder sich dort aufzuhalten.<\/li>\n<\/ul>\n<p>\u2026\u2026\u2026\u2026\u2026\u2026\u2026\u2026\u2026\u2026\u2026\u2026\u2026\u2026&#8230;&#8230;&#8230;&#8230;&#8230;&#8230;&#8230;&#8230;&#8230;&#8230;&#8230;&#8230;&#8230;..<br \/>\n(Ort, Datum, Unterschrift)<\/p>\n","protected":false},"excerpt":{"rendered":"<p>Hier dokumentieren wir eine von RWE verschickte Unterlassungserkl\u00e4rung im Wortlaut: Unterlassungsverpflichtungserkl\u00e4rung der Frau\/des Herrn [Vorname Nachname] (im Folgenden: Schuldner\/in) gegen\u00fcber der RWE Power AG, Huyssenallee 2, 45128 Essen, (im Folgenden: Gl\u00e4ubigerin) Der Schuldner nimmt zur Kenntnis, dass ihm die Gl\u00e4ubigerin hiermit ein zeitlich unbegrenztes Betretungsverbot\/Hausverbot f\u00fcr s\u00e4mtliche Betriebsfl\u00e4chen und Anlagen der RWE Power AG erteilt. &hellip; <a href=\"https:\/\/untenlassen.org\/fr\/hintergrund\/unterlassungserklaerungen\/beispiel\" class=\"more-link\">Continue reading<span class=\"screen-reader-text\"> &#8220;Beispiel&#8221;<\/span><\/a><\/p>\n","protected":false},"author":1,"featured_media":0,"parent":116,"menu_order":0,"comment_status":"closed","ping_status":"closed","template":"","meta":{"ngg_post_thumbnail":0,"footnotes":""},"class_list":["post-1001","page","type-page","status-publish","hentry"],"translation":{"provider":"WPGlobus","version":"3.0.2","language":"fr","enabled_languages":["de","en","fr"],"languages":{"de":{"title":true,"content":true,"excerpt":false},"en":{"title":true,"content":true,"excerpt":false},"fr":{"title":false,"content":false,"excerpt":false}}},"_links":{"self":[{"href":"https:\/\/untenlassen.org\/fr\/wp-json\/wp\/v2\/pages\/1001","targetHints":{"allow":["GET"]}}],"collection":[{"href":"https:\/\/untenlassen.org\/fr\/wp-json\/wp\/v2\/pages"}],"about":[{"href":"https:\/\/untenlassen.org\/fr\/wp-json\/wp\/v2\/types\/page"}],"author":[{"embeddable":true,"href":"https:\/\/untenlassen.org\/fr\/wp-json\/wp\/v2\/users\/1"}],"replies":[{"embeddable":true,"href":"https:\/\/untenlassen.org\/fr\/wp-json\/wp\/v2\/comments?post=1001"}],"version-history":[{"count":20,"href":"https:\/\/untenlassen.org\/fr\/wp-json\/wp\/v2\/pages\/1001\/revisions"}],"predecessor-version":[{"id":1104,"href":"https:\/\/untenlassen.org\/fr\/wp-json\/wp\/v2\/pages\/1001\/revisions\/1104"}],"up":[{"embeddable":true,"href":"https:\/\/untenlassen.org\/fr\/wp-json\/wp\/v2\/pages\/116"}],"wp:attachment":[{"href":"https:\/\/untenlassen.org\/fr\/wp-json\/wp\/v2\/media?parent=1001"}],"curies":[{"name":"wp","href":"https:\/\/api.w.org\/{rel}","templated":true}]}}