{"id":119,"date":"2016-12-22T10:58:51","date_gmt":"2016-12-22T09:58:51","guid":{"rendered":"https:\/\/untenlassen.org\/?page_id=119"},"modified":"2017-01-25T17:38:36","modified_gmt":"2017-01-25T16:38:36","slug":"ziviler-ungehorsam","status":"publish","type":"page","link":"https:\/\/untenlassen.org\/fr\/hintergrund\/ziviler-ungehorsam","title":{"rendered":"La d\u00e9sob\u00e9issance civile"},"content":{"rendered":"<p>Face \u00e0 l\u2018urgence du changement climatique nous jugeons la transgression du cadre l\u00e9gal l\u00e9gitime lors de nos actions. Nous nous inscrivons dans la continuit\u00e9 des traditions de d\u00e9sob\u00e9issance civile et d\u2018actions directes avec lesquelles diff\u00e9rentes mouvements sociales ont remport\u00e9s des \u00e9volutions importantes comme le droit de vote pour les femmes ou l\u2018\u00e9galit\u00e9 des personnes de diff\u00e9rent couleur de peau devant la loi.<\/p>\n<p>La d\u00e9sob\u00e9issance civile est une infraction symbolique et volontaire contre des normes l\u00e9gislatives qui est bas\u00e9e sur des raisons de morale et conscience. Elle vise \u00e0 emp\u00eacher directement un acte d\u2018injustice (par exemple quand des passagers d\u2018un vol se mettent d\u00e9bout avant le d\u00e9part de l\u2018avion afin de pr\u00e9venir la r\u00e9conduite d\u2018une personne vers son pays d\u2018origine) ou le refus de suivi d\u2018un ordre (Rosa Parks qui restait assise sur une place de bus qui \u00e9tait d\u00e9stin\u00e9e aux Blancs pour protester la s\u00e9gr\u00e9gation rassiste). En m\u00eame temps, la d\u00e9sob\u00e9issance civile cherche \u00e0 influencer l\u2018opinion publique.<\/p>\n<p>L\u2018action directe est proche de la&nbsp; d\u00e9sob\u00e9issance civile. Ce terme d\u00e9crit l\u2018intervention imm\u00e9diate dans des situations et rapports \u00e9conomiques et politiques. Au lieu de d\u00e9l\u00e9guer le pouvoir \u00e0 des repr\u00e9sentant-e-s \u2013 comme des d\u00e9put\u00e9-e-s parlementaires \u2013 les personnes deviennent activ-e-s pour ses propres int\u00earets. Il y a de vastes formes d\u2018actions directes: entre-autres des gr\u00e8ves, des sit-in, des occupations d\u2018entreprises, arbres et maisons ou aussi des actes de sabotage, comme par exemple le \u00ab Schottern \u00bb pendant les manifestations dans la r\u00e9gion allemande du Wendland contre les transports Castor du combustible nucl\u00e9aire (\u00ab Schottern \u00bb est l\u2018acte d\u2018enlever les pierres sous les rails afin de rendre la voie ferroviaire infranchissable).<\/p>\n<p>Lors de nos actions nous avons les deux cibles: Nous bloquons les processus d\u00e9structeurs directement avec nos corps et nous engageons le d\u00e9bat public avec le symbolisme de nos actions ce qui fait monter la pression sur les d\u00e9cideurs-trices.<\/p>\n<p>Lors des actions de grande \u00e9chelle nous adoptons un consensus d\u2018action au pr\u00e9alable. Le consensus d\u2018action de &#8220;<a href=\"https:\/\/www.ende-gelaende.org\/fr\/\" target=\"_blank\">Ende Gel\u00e4nde<\/a>&#8221; se prononce de la mani\u00e8re suivante: &#8220;Nous nous comporterons de mani\u00e8re calme et r\u00e9fl\u00e9chie. Nous veillerons \u00e0 ne pas g\u00e9n\u00e9rer de tensions. Nous ne mettrons personne en danger&#8221; et aussi &#8220;Notre action n\u2019est pas dirig\u00e9e contre les employ\u00e9-e-s de Vattenfall ni contre la police.&#8221;<\/p>\n<blockquote><p>\u201eUltimately you have to make a choice: What do you have a greater commitment to: To law or to justice.\u201c<br \/>\n(&#8220;En fin de compte, tu dois choisir: Qu\u2018est-ce qui t\u2018importe plus: la loi ou la justice. &#8220;)<\/p><\/blockquote>\n<p>Edward Snowden<\/p>\n<blockquote><p>&#8220;Wenn wir die schlimmsten Auswirkungen des Klimawandels verhindern wollen, ist jede weitere Tonne Kohle, die wir aus dem Boden holen, eine Tonne zuviel. Regierungen leiten die Notbremsung nicht ein \u2013 darum m\u00fcssen wir selbst handeln.&#8221;<br \/>\n(&#8220;Si nous voulons pr\u00e9venir les effets les plus graves du changement climatique, chaque tonne de ligne extrait de la terre est une tonne en trop. Les gouvernements n\u2018actionnent pas &nbsp;&nbsp; &nbsp;le frein d\u2018urgence, il est donc \u00e0 nous d\u2018agir.&#8221;)<\/p><\/blockquote>\n<p>Hannah Eichberger, Ende Gel\u00e4nde<\/p>\n","protected":false},"excerpt":{"rendered":"<p>Face \u00e0 l\u2018urgence du changement climatique nous jugeons la transgression du cadre l\u00e9gal l\u00e9gitime lors de nos actions. Nous nous inscrivons dans la continuit\u00e9 des traditions de d\u00e9sob\u00e9issance civile et d\u2018actions directes avec lesquelles diff\u00e9rentes mouvements sociales ont remport\u00e9s des \u00e9volutions importantes comme le droit de vote pour les femmes ou l\u2018\u00e9galit\u00e9 des personnes de &hellip; <a href=\"https:\/\/untenlassen.org\/fr\/hintergrund\/ziviler-ungehorsam\" class=\"more-link\">Continue reading<span class=\"screen-reader-text\"> &#8220;La d\u00e9sob\u00e9issance civile&#8221;<\/span><\/a><\/p>\n","protected":false},"author":1,"featured_media":0,"parent":27,"menu_order":0,"comment_status":"closed","ping_status":"closed","template":"","meta":{"ngg_post_thumbnail":0,"footnotes":""},"class_list":["post-119","page","type-page","status-publish","hentry"],"translation":{"provider":"WPGlobus","version":"3.0.2","language":"fr","enabled_languages":["de","en","fr"],"languages":{"de":{"title":true,"content":true,"excerpt":false},"en":{"title":true,"content":true,"excerpt":false},"fr":{"title":true,"content":true,"excerpt":false}}},"_links":{"self":[{"href":"https:\/\/untenlassen.org\/fr\/wp-json\/wp\/v2\/pages\/119","targetHints":{"allow":["GET"]}}],"collection":[{"href":"https:\/\/untenlassen.org\/fr\/wp-json\/wp\/v2\/pages"}],"about":[{"href":"https:\/\/untenlassen.org\/fr\/wp-json\/wp\/v2\/types\/page"}],"author":[{"embeddable":true,"href":"https:\/\/untenlassen.org\/fr\/wp-json\/wp\/v2\/users\/1"}],"replies":[{"embeddable":true,"href":"https:\/\/untenlassen.org\/fr\/wp-json\/wp\/v2\/comments?post=119"}],"version-history":[{"count":17,"href":"https:\/\/untenlassen.org\/fr\/wp-json\/wp\/v2\/pages\/119\/revisions"}],"predecessor-version":[{"id":547,"href":"https:\/\/untenlassen.org\/fr\/wp-json\/wp\/v2\/pages\/119\/revisions\/547"}],"up":[{"embeddable":true,"href":"https:\/\/untenlassen.org\/fr\/wp-json\/wp\/v2\/pages\/27"}],"wp:attachment":[{"href":"https:\/\/untenlassen.org\/fr\/wp-json\/wp\/v2\/media?parent=119"}],"curies":[{"name":"wp","href":"https:\/\/api.w.org\/{rel}","templated":true}]}}