{"id":121,"date":"2016-12-22T11:01:47","date_gmt":"2016-12-22T10:01:47","guid":{"rendered":"https:\/\/untenlassen.org\/?page_id=121"},"modified":"2020-06-03T17:21:14","modified_gmt":"2020-06-03T16:21:14","slug":"klimapolitik","status":"publish","type":"page","link":"https:\/\/untenlassen.org\/fr\/hintergrund\/klimapolitik","title":{"rendered":"Politique climatique"},"content":{"rendered":"<p>A voir la vitesse d\u2019escargot \u2013 ou plut\u00f4t m\u00eame la marche arri\u00e8re \u2013 \u00e0 laquelle avance la politique climatique actuelle, on a les cheveux qui se dressent sur la t\u00eate. D\u2019apr\u00e8s l\u2019actuel plan d\u2019exploitation de base du droit minier, <a href=\"https:\/\/www.leitentscheidung-braunkohle.nrw\/perspektiven\/de\/home\" target=\"_blank\" rel=\"noopener noreferrer\">le lignite doit \u00eatre extrait sur le territoire rh\u00e9nan jusqu\u2019en 2045 [en langue allemande]<\/a>. Le gouvernement f\u00e9d\u00e9ral de Rh\u00e9nanie du Nord-Westphalie (Nordrhein-Westfalen) se prononce contre la fixation d\u2019un d\u00e9lai pour la fin de l\u2019extraction du lignite. Dans le Land de Brandenbourg, pire encore on discute la r\u00e9ouverture de mines \u00e0 ciel ouvert en Lusace (Lausitz). Le gouvernement f\u00e9d\u00e9ral n\u2019ose pas non plus s\u2019attaquer au sacro-saint charbon. Dans le \u00ab&nbsp;plan climat 2050&nbsp;\u00bb il n\u2019y a aucune date claire de sortie du charbon. Le renoncement \u00e0 de nouvelles centrales et \u00e0 des agrandissements de mines \u00e0 ciel ouvert a \u00e9t\u00e9 annul\u00e9 par le lobby du charbon et du minist\u00e8re de l\u2019\u00e9conomie.&nbsp;<\/p>\n<p>En temps normal, la d\u00e9c\u00e9l\u00e9ration, on trouve \u00e7a super&nbsp;! Mais lorsqu\u2019on regarde l\u2019horloge \u00e0 CO2 de <a href=\"http:\/\/www.mcc-berlin.net\/forschung\/co2-budget.html\" target=\"_blank\" rel=\"noopener noreferrer\">l\u2019institut de recherches Mercator [en langue allemande]<\/a>, \u00e7a nous rend nerveux.ses. On peut gr\u00e2ce \u00e0 cet outil suivre, seconde apr\u00e8s seconde, l\u2019amoindrissement du budget carbone restant. D\u2019apr\u00e8s les estimations les plus optimistes (!) nous aurons utilis\u00e9 le budget carbone qui reste \u00e0 l\u2019humanit\u00e9 pour rester sous le r\u00e9chauffement de 1,5 degr\u00e9 en Mai 2021.<\/p>\n<p>Les gouvernants ne prennent aucune mesure qui soit \u00e0 la hauteur de l\u2019urgence de la situation. C\u2019est pourquoi nous devons prendre nous-m\u00eames la protection du climat en main!<\/p>\n","protected":false},"excerpt":{"rendered":"<p>A voir la vitesse d\u2019escargot \u2013 ou plut\u00f4t m\u00eame la marche arri\u00e8re \u2013 \u00e0 laquelle avance la politique climatique actuelle, on a les cheveux qui se dressent sur la t\u00eate. D\u2019apr\u00e8s l\u2019actuel plan d\u2019exploitation de base du droit minier, le lignite doit \u00eatre extrait sur le territoire rh\u00e9nan jusqu\u2019en 2045 [en langue allemande]. Le gouvernement &hellip; <a href=\"https:\/\/untenlassen.org\/fr\/hintergrund\/klimapolitik\" class=\"more-link\">Continue reading<span class=\"screen-reader-text\"> &#8220;Politique climatique&#8221;<\/span><\/a><\/p>\n","protected":false},"author":1,"featured_media":0,"parent":27,"menu_order":0,"comment_status":"closed","ping_status":"closed","template":"","meta":{"ngg_post_thumbnail":0,"footnotes":""},"class_list":["post-121","page","type-page","status-publish","hentry"],"translation":{"provider":"WPGlobus","version":"3.0.2","language":"fr","enabled_languages":["de","en","fr"],"languages":{"de":{"title":true,"content":true,"excerpt":false},"en":{"title":true,"content":true,"excerpt":false},"fr":{"title":true,"content":true,"excerpt":false}}},"_links":{"self":[{"href":"https:\/\/untenlassen.org\/fr\/wp-json\/wp\/v2\/pages\/121","targetHints":{"allow":["GET"]}}],"collection":[{"href":"https:\/\/untenlassen.org\/fr\/wp-json\/wp\/v2\/pages"}],"about":[{"href":"https:\/\/untenlassen.org\/fr\/wp-json\/wp\/v2\/types\/page"}],"author":[{"embeddable":true,"href":"https:\/\/untenlassen.org\/fr\/wp-json\/wp\/v2\/users\/1"}],"replies":[{"embeddable":true,"href":"https:\/\/untenlassen.org\/fr\/wp-json\/wp\/v2\/comments?post=121"}],"version-history":[{"count":24,"href":"https:\/\/untenlassen.org\/fr\/wp-json\/wp\/v2\/pages\/121\/revisions"}],"predecessor-version":[{"id":1849,"href":"https:\/\/untenlassen.org\/fr\/wp-json\/wp\/v2\/pages\/121\/revisions\/1849"}],"up":[{"embeddable":true,"href":"https:\/\/untenlassen.org\/fr\/wp-json\/wp\/v2\/pages\/27"}],"wp:attachment":[{"href":"https:\/\/untenlassen.org\/fr\/wp-json\/wp\/v2\/media?parent=121"}],"curies":[{"name":"wp","href":"https:\/\/api.w.org\/{rel}","templated":true}]}}