{"id":124,"date":"2016-12-22T11:04:50","date_gmt":"2016-12-22T10:04:50","guid":{"rendered":"https:\/\/untenlassen.org\/?page_id=124"},"modified":"2019-02-23T17:38:44","modified_gmt":"2019-02-23T16:38:44","slug":"rwe","status":"publish","type":"page","link":"https:\/\/untenlassen.org\/fr\/hintergrund\/rwe","title":{"rendered":"RWE"},"content":{"rendered":"<p>La SA des \u201eRheinisch-Westf\u00e4lische Elektrizit\u00e4tswerke\u201c (Centrales \u00e9l\u00e9ctriques Rh\u00e9naniens-westphali\u00e9ns) est la deuxi\u00e8me plus grande entreprise d\u2018\u00e9nergie en Allemagne. Elle est subdivis\u00e9 en diff\u00e9rents branches d\u2018activit\u00e9: il y a entre-autres la SA \u201eRWE Power\u201c qui se charge d\u2018exploitation de mati\u00e8res premi\u00e8res et d\u2018approvisionnement en \u00e9n\u00e9rgie en Allemagne. Elle est la personne juridique qui prend la partie requ\u00e9rante dans nos plaintes au civil.<\/p>\n<p>Dans la r\u00e9gion rh\u00e9nanien d\u2018exploitation de lignite la multinationale soutient les trois mines \u00e0 ciel ouvert nomm\u00e9s Hambach, Inden et Garzweiler ainsi que quatre centrales \u00e9l\u00e9ctriques de grande taille. A cause de la progression de la mine de Hambach les restes de la for\u00eat de Hambach sont d\u00e9bois\u00e9s. Depuis les ann\u00e9es 50 du dernier si\u00e8cle environ 120 villages ont du \u00eatre d\u00e9truits \u00e0 cause des mines. Presque 40.000 personnes ont d\u00fb d\u00e9m\u00e9nager de leur maison. Une douzaine de villages est encore cens\u00e9 de dispara\u00eetre.<\/p>\n<p>Seuls les centrales Neurath, Niederau\u00dfem, Weisweiler et Frimmersdorf p\u00e8sent avec environ 82 millions de tonnes de CO\u2082 par an sur l\u2018atmosph\u00e8re \u2013 cela s\u2018\u00e9l\u00e8ve \u00e0 10% des \u00e9missions de CO\u2082 allemands.<\/p>\n<p>D\u2018abondantes informations sur les impacts locaux et globaux du lignite peuvent \u00eatre trouv\u00e9es sur la page du <a href=\"https:\/\/www.bund-nrw.de\/themen\/braunkohle\/\" target=\"_blank\">BUND NRW<\/a>.<\/p>\n","protected":false},"excerpt":{"rendered":"<p>La SA des \u201eRheinisch-Westf\u00e4lische Elektrizit\u00e4tswerke\u201c (Centrales \u00e9l\u00e9ctriques Rh\u00e9naniens-westphali\u00e9ns) est la deuxi\u00e8me plus grande entreprise d\u2018\u00e9nergie en Allemagne. Elle est subdivis\u00e9 en diff\u00e9rents branches d\u2018activit\u00e9: il y a entre-autres la SA \u201eRWE Power\u201c qui se charge d\u2018exploitation de mati\u00e8res premi\u00e8res et d\u2018approvisionnement en \u00e9n\u00e9rgie en Allemagne. Elle est la personne juridique qui prend la partie requ\u00e9rante &hellip; <a href=\"https:\/\/untenlassen.org\/fr\/hintergrund\/rwe\" class=\"more-link\">Continue reading<span class=\"screen-reader-text\"> &#8220;RWE&#8221;<\/span><\/a><\/p>\n","protected":false},"author":1,"featured_media":0,"parent":27,"menu_order":0,"comment_status":"closed","ping_status":"closed","template":"","meta":{"ngg_post_thumbnail":0,"footnotes":""},"class_list":["post-124","page","type-page","status-publish","hentry"],"translation":{"provider":"WPGlobus","version":"3.0.2","language":"fr","enabled_languages":["de","en","fr"],"languages":{"de":{"title":true,"content":true,"excerpt":false},"en":{"title":true,"content":true,"excerpt":false},"fr":{"title":true,"content":true,"excerpt":false}}},"_links":{"self":[{"href":"https:\/\/untenlassen.org\/fr\/wp-json\/wp\/v2\/pages\/124","targetHints":{"allow":["GET"]}}],"collection":[{"href":"https:\/\/untenlassen.org\/fr\/wp-json\/wp\/v2\/pages"}],"about":[{"href":"https:\/\/untenlassen.org\/fr\/wp-json\/wp\/v2\/types\/page"}],"author":[{"embeddable":true,"href":"https:\/\/untenlassen.org\/fr\/wp-json\/wp\/v2\/users\/1"}],"replies":[{"embeddable":true,"href":"https:\/\/untenlassen.org\/fr\/wp-json\/wp\/v2\/comments?post=124"}],"version-history":[{"count":19,"href":"https:\/\/untenlassen.org\/fr\/wp-json\/wp\/v2\/pages\/124\/revisions"}],"predecessor-version":[{"id":1694,"href":"https:\/\/untenlassen.org\/fr\/wp-json\/wp\/v2\/pages\/124\/revisions\/1694"}],"up":[{"embeddable":true,"href":"https:\/\/untenlassen.org\/fr\/wp-json\/wp\/v2\/pages\/27"}],"wp:attachment":[{"href":"https:\/\/untenlassen.org\/fr\/wp-json\/wp\/v2\/media?parent=124"}],"curies":[{"name":"wp","href":"https:\/\/api.w.org\/{rel}","templated":true}]}}