{"id":151,"date":"2016-12-22T14:22:46","date_gmt":"2016-12-22T13:22:46","guid":{"rendered":"https:\/\/untenlassen.org\/?page_id=151"},"modified":"2020-06-03T17:10:57","modified_gmt":"2020-06-03T16:10:57","slug":"zahlen-und-fakten","status":"publish","type":"page","link":"https:\/\/untenlassen.org\/fr\/hintergrund\/zahlen-und-fakten","title":{"rendered":"Faits et chiffres"},"content":{"rendered":"<p>Certains journaux ont accus\u00e9 notre mouvement d\u2019\u00eatre id\u00e9ologique. Nous affirmons: ce qui est id\u00e9ologique c\u2019est une politique et un syst\u00e8me \u00e9conomique qui ignorent les faits scientifiques.<\/p>\n<p>Afin d\u2019avoir une chance r\u00e9aliste de limiter le r\u00e9chauffement climatique sous la barre des 2 degr\u00e9s, nous devons laisser <a href=\"http:\/\/www.carbontracker.org\/report\/unburnable-carbon-wasted-capital-and-stranded-assets\/\" target=\"_blank\" rel=\"noopener noreferrer\">entre 60 et 80 % des mati\u00e8res fossiles dans le sol [en langue anglaise]<\/a> dans le monde entier. Pour l\u2019Europe cela signifie que 90% des r\u00e9serves en charbon doivent rester dans le sol.<\/p>\n<p><a href=\"https:\/\/newclimateinstitute.files.wordpress.com\/2016\/02\/160222_klimaschutz_paris_studie_02_2016_fin_neu1.pdf\">Une \u00e9tude du New Climate Insitute [Pdf en langue allemande]<\/a> a calcul\u00e9 d\u2019apr\u00e8s l\u2019accord de Paris, quelles cons\u00e9quences auraient eu l\u2019objectif de r\u00e9chauffement de 1,5 degr\u00e9. D\u2019apr\u00e8s l\u2019\u00e9tude, toutes les \u00e9missions des centrales \u00e9lectriques, des usines et voitures mais aussi de l\u2019agriculture et du d\u00e9boisement aurait d\u00fb \u00eatre r\u00e9duites \u00e0 z\u00e9ro jusqu\u2019en 2035, et dans les pays industriels encore plus t\u00f4t. Pour l\u2019Allemagne cela aurait signifi\u00e9 la sortie du charbon et du lignite au plus tard en 2025.<\/p>\n<p>Des \u00e9tudes qui montrent que nous avons plus de temps, sont bas\u00e9es sur l\u2019hypoth\u00e8se que nous pourrons \u00e0 l\u2019aide de technologie du futur un jour ou l\u2019autre r\u00e9cup\u00e9rer le CO\u2082 dans l\u2019atmosph\u00e8re. (\u00c9mission n\u00e9gative). Mais m\u00eame s\u2019il \u00e9tait possible de mettre en place ces technologies jusqu\u2019en 2050, il serait trop tard pour enrayer le changement climatique. (Sans parler des cons\u00e9quences \u00e9cologiques et sur les droits humains.)<\/p>\n<p>Plus la plan\u00e8te se r\u00e9chauffe plus la probabilit\u00e9 de la survenue du <a href=\"https:\/\/www.pik-potsdam.de\/services\/infothek\/kippelemente\" target=\"_blank\" rel=\"noopener noreferrer\">point de basculement [en langue allemande]<\/a> est grande. D\u00e9j\u00e0 \u00e0 cause de petites perturbations, il est possible pour certains syst\u00e8mes climatiques de bousculer des processus qui se renforcent par eux-m\u00eames et qui sont irr\u00e9versibles. Quand par exemple le sol permafrost en Sib\u00e9rie et Am\u00e9rique du Nord d\u00e9g\u00e8le, du m\u00e9thane est lib\u00e9r\u00e9 r\u00e9chauffant encore plus l\u2019atmosph\u00e8re. Cela signifie que lorsque le r\u00e9chauffement aura d\u00e9pass\u00e9 une limite critique, les humains ne pourront plus rien contr\u00f4ler.<\/p>\n<p>En 2016 la temp\u00e9rature globale \u00e9tait de 1,2 degr\u00e9 de plus qu\u2019avant la r\u00e9volution industrielle. Nous vivons actuellement des s\u00e9cheresses catastrophiques, l\u2019augmentation de ph\u00e9nom\u00e8nes m\u00e9t\u00e9orologiques extr\u00eames et l\u2019effondrement d\u2019\u00e9cosyst\u00e8mes centraux comme la barri\u00e8re de corail. D\u00e9j\u00e0 aujourd\u2019hui ce sont avant tout les personnes des pays du sud qui sont affect\u00e9es par la mont\u00e9e du niveau de la mer, le manque d\u2019eau potable et la perte de r\u00e9coltes. Les crises sociales et \u00e9cologiques vont s\u2019aggraver avec l\u2019intensification du r\u00e9chauffement climatique.<\/p>\n<p>Au vu des records de temp\u00e9ratures dans l\u2019Arctique, les chercheurs*ses pr\u00e9viennent que <a href=\"http:\/\/www.klimaretter.info\/forschung\/nachricht\/22319-warnung-vor-19-kipppunkten-in-der-arktis\" target=\"_blank\" rel=\"noopener noreferrer\">le point de basculement se rapproche ou est peut-\u00eatre d\u00e9j\u00e0 atteint [en langue allemande]<\/a>.<\/p>\n<p>Pour nous, la conclusion logique qui en d\u00e9coule (et qui n&#8217;a rien d&#8217;id\u00e9ologique) est&nbsp;: C\u2019est sacr\u00e9ment urgent! <strong>Chaque nouvelle tonne de charbon br\u00fbl\u00e9e est une tonne de trop.<\/strong><\/p>\n","protected":false},"excerpt":{"rendered":"<p>Certains journaux ont accus\u00e9 notre mouvement d\u2019\u00eatre id\u00e9ologique. Nous affirmons: ce qui est id\u00e9ologique c\u2019est une politique et un syst\u00e8me \u00e9conomique qui ignorent les faits scientifiques. Afin d\u2019avoir une chance r\u00e9aliste de limiter le r\u00e9chauffement climatique sous la barre des 2 degr\u00e9s, nous devons laisser entre 60 et 80 % des mati\u00e8res fossiles dans le &hellip; <a href=\"https:\/\/untenlassen.org\/fr\/hintergrund\/zahlen-und-fakten\" class=\"more-link\">Continue reading<span class=\"screen-reader-text\"> &#8220;Faits et chiffres&#8221;<\/span><\/a><\/p>\n","protected":false},"author":1,"featured_media":0,"parent":27,"menu_order":0,"comment_status":"closed","ping_status":"closed","template":"","meta":{"ngg_post_thumbnail":0,"footnotes":""},"class_list":["post-151","page","type-page","status-publish","hentry"],"translation":{"provider":"WPGlobus","version":"3.0.2","language":"fr","enabled_languages":["de","en","fr"],"languages":{"de":{"title":true,"content":true,"excerpt":false},"en":{"title":true,"content":true,"excerpt":false},"fr":{"title":true,"content":true,"excerpt":false}}},"_links":{"self":[{"href":"https:\/\/untenlassen.org\/fr\/wp-json\/wp\/v2\/pages\/151","targetHints":{"allow":["GET"]}}],"collection":[{"href":"https:\/\/untenlassen.org\/fr\/wp-json\/wp\/v2\/pages"}],"about":[{"href":"https:\/\/untenlassen.org\/fr\/wp-json\/wp\/v2\/types\/page"}],"author":[{"embeddable":true,"href":"https:\/\/untenlassen.org\/fr\/wp-json\/wp\/v2\/users\/1"}],"replies":[{"embeddable":true,"href":"https:\/\/untenlassen.org\/fr\/wp-json\/wp\/v2\/comments?post=151"}],"version-history":[{"count":23,"href":"https:\/\/untenlassen.org\/fr\/wp-json\/wp\/v2\/pages\/151\/revisions"}],"predecessor-version":[{"id":1845,"href":"https:\/\/untenlassen.org\/fr\/wp-json\/wp\/v2\/pages\/151\/revisions\/1845"}],"up":[{"embeddable":true,"href":"https:\/\/untenlassen.org\/fr\/wp-json\/wp\/v2\/pages\/27"}],"wp:attachment":[{"href":"https:\/\/untenlassen.org\/fr\/wp-json\/wp\/v2\/media?parent=151"}],"curies":[{"name":"wp","href":"https:\/\/api.w.org\/{rel}","templated":true}]}}