{"id":1534,"date":"2018-01-16T19:26:28","date_gmt":"2018-01-16T18:26:28","guid":{"rendered":"https:\/\/untenlassen.org\/?page_id=1534"},"modified":"2018-01-21T16:34:57","modified_gmt":"2018-01-21T15:34:57","slug":"infos-fuer-betroffene","status":"publish","type":"page","link":"https:\/\/untenlassen.org\/fr\/unterstuetzen\/infos-fuer-betroffene","title":{"rendered":"Infos f\u00fcr Betroffene"},"content":{"rendered":"<p>Du hast eine <a href=\"https:\/\/untenlassen.org\/hintergrund\/unterlassungserklaerungen\">Unterlassungserkl\u00e4rung<\/a> bekommen und bist unsicher, ob du sie unterschreiben sollst oder nicht? Oder dir ist sogar schon eine Unterlassungsklage ins Haus geflattert?<\/p>\n<p>Bitte melde dich sobald wie m\u00f6glich bei der <a href=\"http:\/\/antirrr.blogsport.de\/kontakt\/\" target=\"_blank\" rel=\"noopener\">Antirepressionsgruppe Rheinisches Revier (AntiRRR)<\/a>, beim <a href=\"http:\/\/cat.nirgendwo.info\/pgp\/\" target=\"_blank\" rel=\"noopener\">Climate Antirepression Team (CAT)<\/a> (f\u00fcr Ende Gel\u00e4nde 2016 in der Lausitz) oder bei der Roten Hilfe und lass dich beraten!<\/p>\n<p>Wir als UNTENLASSEN-Kampagne wollen nicht parallel eine weitere Antirepressionsstruktur aufbauen, sondern teilen mit den vorhandenen Gruppen unsere Rechercheergebnisse in juristischen Fragen und unterst\u00fctzen euch finanziell. Vielleicht wirst du zur Beratung auch direkt an uns verwiesen, weil einige von uns die Klage schon hinter sich haben.<\/p>\n<p>Zivilklagen sind eine gro\u00dfe Herausforderung f\u00fcr Antirepressionsstrukturen: Im Vergleich zu Strafprozessen k\u00f6nnen Zivilprozesse sehr viel teurer sein und es gelten andere &#8220;Spielregeln&#8221;. Zum Beispiel liegt die Beweislast auch bei der Beklagten, was eine konsequente Aussageverweigerung unm\u00f6glich macht.<\/p>\n<p>Das Wissen \u00fcber Zivilrecht in unseren Strukturen ist (noch) begrenzt. Deswegen ist es uns so wichtig zusammen zu stehen, erlangtes Wissen und Geld zu teilen und so Repression gegen Einzelne gemeinsam einzud\u00e4mmen.<\/p>\n","protected":false},"excerpt":{"rendered":"<p>Du hast eine Unterlassungserkl\u00e4rung bekommen und bist unsicher, ob du sie unterschreiben sollst oder nicht? Oder dir ist sogar schon eine Unterlassungsklage ins Haus geflattert? Bitte melde dich sobald wie m\u00f6glich bei der Antirepressionsgruppe Rheinisches Revier (AntiRRR), beim Climate Antirepression Team (CAT) (f\u00fcr Ende Gel\u00e4nde 2016 in der Lausitz) oder bei der Roten Hilfe und &hellip; <a href=\"https:\/\/untenlassen.org\/fr\/unterstuetzen\/infos-fuer-betroffene\" class=\"more-link\">Continue reading<span class=\"screen-reader-text\"> &#8220;Infos f\u00fcr Betroffene&#8221;<\/span><\/a><\/p>\n","protected":false},"author":1,"featured_media":0,"parent":42,"menu_order":0,"comment_status":"closed","ping_status":"closed","template":"","meta":{"ngg_post_thumbnail":0,"footnotes":""},"class_list":["post-1534","page","type-page","status-publish","hentry"],"translation":{"provider":"WPGlobus","version":"3.0.2","language":"fr","enabled_languages":["de","en","fr"],"languages":{"de":{"title":true,"content":true,"excerpt":false},"en":{"title":true,"content":true,"excerpt":false},"fr":{"title":false,"content":false,"excerpt":false}}},"_links":{"self":[{"href":"https:\/\/untenlassen.org\/fr\/wp-json\/wp\/v2\/pages\/1534","targetHints":{"allow":["GET"]}}],"collection":[{"href":"https:\/\/untenlassen.org\/fr\/wp-json\/wp\/v2\/pages"}],"about":[{"href":"https:\/\/untenlassen.org\/fr\/wp-json\/wp\/v2\/types\/page"}],"author":[{"embeddable":true,"href":"https:\/\/untenlassen.org\/fr\/wp-json\/wp\/v2\/users\/1"}],"replies":[{"embeddable":true,"href":"https:\/\/untenlassen.org\/fr\/wp-json\/wp\/v2\/comments?post=1534"}],"version-history":[{"count":13,"href":"https:\/\/untenlassen.org\/fr\/wp-json\/wp\/v2\/pages\/1534\/revisions"}],"predecessor-version":[{"id":1571,"href":"https:\/\/untenlassen.org\/fr\/wp-json\/wp\/v2\/pages\/1534\/revisions\/1571"}],"up":[{"embeddable":true,"href":"https:\/\/untenlassen.org\/fr\/wp-json\/wp\/v2\/pages\/42"}],"wp:attachment":[{"href":"https:\/\/untenlassen.org\/fr\/wp-json\/wp\/v2\/media?parent=1534"}],"curies":[{"name":"wp","href":"https:\/\/api.w.org\/{rel}","templated":true}]}}