{"id":17,"date":"2016-11-03T12:59:28","date_gmt":"2016-11-03T11:59:28","guid":{"rendered":"https:\/\/untenlassen.org\/?page_id=17"},"modified":"2022-09-13T19:44:28","modified_gmt":"2022-09-13T18:44:28","slug":"kontakt","status":"publish","type":"page","link":"https:\/\/untenlassen.org\/fr\/kontakt","title":{"rendered":"Contact"},"content":{"rendered":"<p>E-mail: info [at] untenlassen.org<\/p>\n<p>Wenn ihr uns verschl\u00fcsselt schreiben wollt &#8211; was wir sehr begr\u00fc\u00dfen -, ist hier unser <a href=\"https:\/\/untenlassen.org\/wp-content\/uploads\/2016\/12\/untenlassen-info@untenlassen.org-0x691658DF-pub.asc\">Public Key<\/a> (Fingerabdruck: 1636 F9FA 979A E365 13A9 7549 F4B2 3B82 6916 58DF).<\/p>\n","protected":false},"excerpt":{"rendered":"<p>E-mail: info [at] untenlassen.org Wenn ihr uns verschl\u00fcsselt schreiben wollt &#8211; was wir sehr begr\u00fc\u00dfen -, ist hier unser Public Key (Fingerabdruck: 1636 F9FA 979A E365 13A9 7549 F4B2 3B82 6916 58DF).<\/p>\n","protected":false},"author":1,"featured_media":0,"parent":0,"menu_order":1,"comment_status":"closed","ping_status":"closed","template":"","meta":{"ngg_post_thumbnail":0,"footnotes":""},"class_list":["post-17","page","type-page","status-publish","hentry"],"translation":{"provider":"WPGlobus","version":"3.0.2","language":"fr","enabled_languages":["de","en","fr"],"languages":{"de":{"title":true,"content":true,"excerpt":false},"en":{"title":true,"content":true,"excerpt":false},"fr":{"title":true,"content":true,"excerpt":false}}},"_links":{"self":[{"href":"https:\/\/untenlassen.org\/fr\/wp-json\/wp\/v2\/pages\/17","targetHints":{"allow":["GET"]}}],"collection":[{"href":"https:\/\/untenlassen.org\/fr\/wp-json\/wp\/v2\/pages"}],"about":[{"href":"https:\/\/untenlassen.org\/fr\/wp-json\/wp\/v2\/types\/page"}],"author":[{"embeddable":true,"href":"https:\/\/untenlassen.org\/fr\/wp-json\/wp\/v2\/users\/1"}],"replies":[{"embeddable":true,"href":"https:\/\/untenlassen.org\/fr\/wp-json\/wp\/v2\/comments?post=17"}],"version-history":[{"count":25,"href":"https:\/\/untenlassen.org\/fr\/wp-json\/wp\/v2\/pages\/17\/revisions"}],"predecessor-version":[{"id":1889,"href":"https:\/\/untenlassen.org\/fr\/wp-json\/wp\/v2\/pages\/17\/revisions\/1889"}],"wp:attachment":[{"href":"https:\/\/untenlassen.org\/fr\/wp-json\/wp\/v2\/media?parent=17"}],"curies":[{"name":"wp","href":"https:\/\/api.w.org\/{rel}","templated":true}]}}