{"id":241,"date":"2016-12-28T22:10:01","date_gmt":"2016-12-28T21:10:01","guid":{"rendered":"https:\/\/untenlassen.org\/?page_id=241"},"modified":"2019-10-20T16:29:24","modified_gmt":"2019-10-20T15:29:24","slug":"redeker","status":"publish","type":"page","link":"https:\/\/untenlassen.org\/fr\/hintergrund\/redeker","title":{"rendered":"Redeker, Sellner, Dahs"},"content":{"rendered":"<p>Redeker, Sellner, Dahs est l\u2019un des plus importants grands cabinets d\u2019avocats en Allemagne. Il d\u00e9fend entre autres le Bundestag (Parlement f\u00e9d\u00e9ral), diff\u00e9rents \u00e9tats f\u00e9d\u00e9r\u00e9s (Bundesl\u00e4nder), des politicien.nes et plusieurs grosses entreprises multinationales.<\/p>\n<p>Quelques exemples devraient suffire \u00e0 comprendre:<\/p>\n<p>Ce grand cabinet d\u2019avocats d\u00e9fend Vattenfall dans son recours devant la Cour constitutionnelle allemande contre la nouvelle loi sur l\u2019\u00e9nergie nucl\u00e9aire et requiert des indemnisations pour le manque \u00e0 gagner.<\/p>\n<p>Il a d\u00e9fendu la ville de Hambourg dans la plainte de BUND (Les amis de la Terre en Allemagne) contre les travaux d\u2019approfondissement de l\u2019Elbe (dans le cadre de projet d\u2019infrastructure g\u00e9ant du port d\u2019Hambourg) et l\u2019Etat f\u00e9d\u00e9r\u00e9 de Saxe&nbsp;dans la plainte de la Gr\u00fcne Liga&nbsp;(ligue verte,&nbsp;r\u00e9seau de mouvements \u00e9cologiques) contre la construction du pont &#8220;Waldschl\u00f6sschen&#8221; \u00e0 Dresde, pour laquelle manquait une \u00e9tude compl\u00e8te d\u2019impact sur l\u2019environnement.<\/p>\n<p>L\u2019an pass\u00e9, abgeordnetenwatch.de (un site internet qui fait le lien entre citoyennes et citoyens et les \u00e9lus et candidats. Leur mot d\u2019ordre: les citoyens demandent \u2013 les politiciens r\u00e9pondent) a port\u00e9 plainte contre le Bundestag dans le but de d\u00e9couvrir qui parmi les lobbyistes poss\u00e8de un badge donnant acc\u00e8s au Bundestag. Le Bundestag a \u00e9t\u00e9 d\u00e9fendu par Redeker pour un montant de 100&nbsp;000 euros (et a perdu).<\/p>\n<p>Redeker, Sellner, Dahs a \u00e9galement d\u00e9fendu le colonel Georg Klein dans l\u2019affaire de l\u2019attaque a\u00e9rienne pr\u00e8s de Kunduz en Afghanistan en 2009 (o\u00f9 142 personnes ont \u00e9t\u00e9 tu\u00e9es alors qu\u2019elles \u00e9taient autour de camions-citernes), ainsi que l\u2019ancien pr\u00e9sident f\u00e9d\u00e9ral Christian Wulff au sujet du scandale de corruption.<\/p>\n<p>Depuis quelques temps, RWE utilise le cabinet d\u2019avocats pour faire pression sur les activistes anti-lignite \u00e0 l\u2019aide d&#8217;actions en justice civile.<\/p>\n","protected":false},"excerpt":{"rendered":"<p>Redeker, Sellner, Dahs est l\u2019un des plus importants grands cabinets d\u2019avocats en Allemagne. Il d\u00e9fend entre autres le Bundestag (Parlement f\u00e9d\u00e9ral), diff\u00e9rents \u00e9tats f\u00e9d\u00e9r\u00e9s (Bundesl\u00e4nder), des politicien.nes et plusieurs grosses entreprises multinationales. Quelques exemples devraient suffire \u00e0 comprendre: Ce grand cabinet d\u2019avocats d\u00e9fend Vattenfall dans son recours devant la Cour constitutionnelle allemande contre la nouvelle &hellip; <a href=\"https:\/\/untenlassen.org\/fr\/hintergrund\/redeker\" class=\"more-link\">Continue reading<span class=\"screen-reader-text\"> &#8220;Redeker, Sellner, Dahs&#8221;<\/span><\/a><\/p>\n","protected":false},"author":1,"featured_media":0,"parent":27,"menu_order":30,"comment_status":"closed","ping_status":"closed","template":"","meta":{"ngg_post_thumbnail":0,"footnotes":""},"class_list":["post-241","page","type-page","status-publish","hentry"],"translation":{"provider":"WPGlobus","version":"3.0.2","language":"fr","enabled_languages":["de","en","fr"],"languages":{"de":{"title":true,"content":true,"excerpt":false},"en":{"title":true,"content":true,"excerpt":false},"fr":{"title":true,"content":true,"excerpt":false}}},"_links":{"self":[{"href":"https:\/\/untenlassen.org\/fr\/wp-json\/wp\/v2\/pages\/241","targetHints":{"allow":["GET"]}}],"collection":[{"href":"https:\/\/untenlassen.org\/fr\/wp-json\/wp\/v2\/pages"}],"about":[{"href":"https:\/\/untenlassen.org\/fr\/wp-json\/wp\/v2\/types\/page"}],"author":[{"embeddable":true,"href":"https:\/\/untenlassen.org\/fr\/wp-json\/wp\/v2\/users\/1"}],"replies":[{"embeddable":true,"href":"https:\/\/untenlassen.org\/fr\/wp-json\/wp\/v2\/comments?post=241"}],"version-history":[{"count":14,"href":"https:\/\/untenlassen.org\/fr\/wp-json\/wp\/v2\/pages\/241\/revisions"}],"predecessor-version":[{"id":1757,"href":"https:\/\/untenlassen.org\/fr\/wp-json\/wp\/v2\/pages\/241\/revisions\/1757"}],"up":[{"embeddable":true,"href":"https:\/\/untenlassen.org\/fr\/wp-json\/wp\/v2\/pages\/27"}],"wp:attachment":[{"href":"https:\/\/untenlassen.org\/fr\/wp-json\/wp\/v2\/media?parent=241"}],"curies":[{"name":"wp","href":"https:\/\/api.w.org\/{rel}","templated":true}]}}