{"id":42,"date":"2016-11-28T20:12:42","date_gmt":"2016-11-28T19:12:42","guid":{"rendered":"https:\/\/untenlassen.org\/?page_id=42"},"modified":"2019-02-23T17:02:45","modified_gmt":"2019-02-23T16:02:45","slug":"unterstuetzen","status":"publish","type":"page","link":"https:\/\/untenlassen.org\/fr\/unterstuetzen","title":{"rendered":"Comment soutenir notre campagne?"},"content":{"rendered":"<p>Il y existe une multitude de possibilit\u00e9s de soutenir la campagne et de r\u00e9sister ainsi de mani\u00e8re solidaire et d\u00e9termin\u00e9e \u00e0 l\u2018intimidation des activistes et \u00e0 l\u2018extraction de charbon.<\/p>\n<p>A c\u00f4t\u00e9 des possibilit\u00e9s cit\u00e9es ci-dessous vous pouvez laisser libre cours \u00e0 votre fantaisie \u2013 nous sommes curieus-e-s de voir vos id\u00e9es.<a id=\"spenden\"><\/a><\/p>\n<h2>Donnez pour les frais de justice<\/h2>\n<p>Nous avons surtout besoin d\u2018argent. De demander de l\u2018argent a un go\u00fbt superficiel et est loin de nos exigences politiques, mais: un des proc\u00e8s civiles co\u00fbte entre 2.000 et 10.000 euros par personne seulement en premi\u00e8re instance. Notre cible, de porter un de ces cas devant la cour constitutionelle f\u00e9d\u00e9rale allemande s\u2018\u00e9l\u00e9vera \u00e0 environ 32.000 euros. Nous voulons disputer que la r\u00e9sistance soit l\u00e9gitime et nous voulons compliquer la vie aux multinationales afin qu\u2018elles comprennent que ses essais d\u2018intimidation n\u2018aboutissent pas. Dans ce but nous avons besoin de vos dons de grande et petite \u00e9chelle.<\/p>\n<p><strong>Compte:<\/strong> Spenden &#038; Aktionen<br \/>\n<strong>IBAN:<\/strong> DE29 5139 0000 0092 8818 06<br \/>\n<strong>BIC:<\/strong> VBMHDE5FXXX<br \/>\n<strong>Banque:<\/strong> Volksbank Mittelhessen<br \/>\n<strong>Finalit\u00e9:<\/strong> UNTENLASSEN<\/p>\n<h2><a id=\"ue\"><\/a>Envoyez une d\u00e9claration d\u2018abstention \u00e0 l\u2018entreprise RWE<\/h2>\n<p>L\u2018id\u00e9e n\u2018est pas nouveau, mais elle n\u2018a pas perdue son charme! D\u00e9j\u00e0 lors de la campagne #Nicht Wir (C\u2018est pas nous) des d\u00e9clarations d\u2018abstention ont \u00e9t\u00e9 envoy\u00e9es \u00e0 RWE afin de demander \u00e0 l\u2018entreprise de s\u2018abstenir de l\u2018extraction du lignite au lieu de nous faire cesser nos protestations. A l\u2018\u00e9poque 1.600 personnes avions suivi cette id\u00e9e et cette-fois-ci nous esp\u00e9rons aussi que RWE devra ouvrir un tas de lettres contenant des d\u00e9clarations d\u2018abstention.<\/p>\n<p>T\u00e9l\u00e9chargez le mod\u00e8le de d\u00e9claration d\u2018abstention (disponible en langue <a href=\"https:\/\/untenlassen.org\/wp-content\/uploads\/2017\/01\/UnteNlassungsverpflichtungserklaerung-DE.pdf\">allemande<\/a> ou <a href=\"https:\/\/untenlassen.org\/wp-content\/uploads\/2017\/01\/UnteNlassungsverpflichtungserklaerung-EN.pdf\">anglaise<\/a>), imprimez-le et envoyez-le \u00e0 <a href=\"https:\/\/untenlassen.org\/fr\/rwe-adressen\">une filiale de RWE<\/a> \u00e0 votre proximit\u00e9.<\/p>\n<h2>Prennez des photos d\u00e9montrant votre solidarite<\/h2>\n<p>M\u00eame si cet appel n\u2018est pas rare, l\u2018effet est \u00e0 chaque fois hallucinant! Des photos de solidarit\u00e9 d\u2018une multitude de villes, de diff\u00e9rent-e-s personnes, des lieux impossibles, d\u00e9montrent que nous ne sommes pas seul-e-s, mais plut\u00f4t un mouvement fort. Alors, prennez votre groupe politique, vos collcatair-e-s, votre groupe d\u2018action et surprennez-nous avec votre solidarit\u00e9! Envoyez votre image \u00e0 <strong>info [arobas] untenlassen.org<\/strong><\/p>\n<h2>Rendez les proc\u00e8s publiques \u2013 dans vos r\u00e9seux sociaux, dans la presse locale, lors de manifestations, \u2026<\/h2>\n<p>La d\u00e9sob\u00e9issance civile et les actions directes sont une partie d\u2018une r\u00e9sistance r\u00e9ussie, d\u2018en parler est la deuxi\u00e8me partie. Prennez donc soin avec nous que d\u2018autant de personnes que possible soient inform\u00e9-e-s sur les proc\u00e8s judiciciaires ainsi que ses origines. Organisez des soir\u00e9es de projection d\u2018un film suivi d\u2018une phase d\u2018information, des tables rondes ou d\u2018autres \u00e9v\u00e9nements; \u00e9crivez et faites publier des articles ou tout ce qui peut int\u00e9resser et toucher. Nous serions content-e-s de chaque diffusion et m\u00e9diatisation! Et si tu es organis\u00e9-e dans un groupe ou organisation, merci de nous soutenir avec une d\u00e9claration de solidarit\u00e9 en votre nom, mais aussi en utilisant vos m\u00e9dias, vos listes de diffusion et lettres d\u2018information afin de nous aider \u00e0 rendre la campagne plus public.<\/p>\n<p>Sur votre site, vous pouvez ins\u00e9rer ceci image ou le code HTML:<\/p>\n<p><a title=\"S\u2018abstenir du charbon, pas de la protestation!\" href=\"https:\/\/untenlassen.org\/\" target=\"_blank\" rel=\"noopener\"><img loading=\"lazy\" decoding=\"async\" class=\"\" src=\"https:\/\/untenlassen.org\/wp-content\/uploads\/2017\/02\/untenlassen_logo_x2-1.png\" height=\"135\" width=\"274\"><\/a><\/p>\n<h2>Abonnez la newsletter avec les actualit\u00e9s sur les proc\u00e8s judiciaires<\/h2>\n<p>\u2026 Afin de vous inscrire, \u00e9crivez un mail \u00e0: <strong>news_klima-antirepression [arobas] riseup.net<\/strong><\/p>\n","protected":false},"excerpt":{"rendered":"<p>Il y existe une multitude de possibilit\u00e9s de soutenir la campagne et de r\u00e9sister ainsi de mani\u00e8re solidaire et d\u00e9termin\u00e9e \u00e0 l\u2018intimidation des activistes et \u00e0 l\u2018extraction de charbon. A c\u00f4t\u00e9 des possibilit\u00e9s cit\u00e9es ci-dessous vous pouvez laisser libre cours \u00e0 votre fantaisie \u2013 nous sommes curieus-e-s de voir vos id\u00e9es. Donnez pour les frais &hellip; <a href=\"https:\/\/untenlassen.org\/fr\/unterstuetzen\" class=\"more-link\">Continue reading<span class=\"screen-reader-text\"> &#8220;Comment soutenir notre campagne?&#8221;<\/span><\/a><\/p>\n","protected":false},"author":1,"featured_media":0,"parent":0,"menu_order":0,"comment_status":"closed","ping_status":"closed","template":"","meta":{"ngg_post_thumbnail":0,"footnotes":""},"class_list":["post-42","page","type-page","status-publish","hentry"],"translation":{"provider":"WPGlobus","version":"3.0.2","language":"fr","enabled_languages":["de","en","fr"],"languages":{"de":{"title":true,"content":true,"excerpt":false},"en":{"title":true,"content":true,"excerpt":false},"fr":{"title":true,"content":true,"excerpt":false}}},"_links":{"self":[{"href":"https:\/\/untenlassen.org\/fr\/wp-json\/wp\/v2\/pages\/42","targetHints":{"allow":["GET"]}}],"collection":[{"href":"https:\/\/untenlassen.org\/fr\/wp-json\/wp\/v2\/pages"}],"about":[{"href":"https:\/\/untenlassen.org\/fr\/wp-json\/wp\/v2\/types\/page"}],"author":[{"embeddable":true,"href":"https:\/\/untenlassen.org\/fr\/wp-json\/wp\/v2\/users\/1"}],"replies":[{"embeddable":true,"href":"https:\/\/untenlassen.org\/fr\/wp-json\/wp\/v2\/comments?post=42"}],"version-history":[{"count":73,"href":"https:\/\/untenlassen.org\/fr\/wp-json\/wp\/v2\/pages\/42\/revisions"}],"predecessor-version":[{"id":1686,"href":"https:\/\/untenlassen.org\/fr\/wp-json\/wp\/v2\/pages\/42\/revisions\/1686"}],"wp:attachment":[{"href":"https:\/\/untenlassen.org\/fr\/wp-json\/wp\/v2\/media?parent=42"}],"curies":[{"name":"wp","href":"https:\/\/api.w.org\/{rel}","templated":true}]}}