{"id":53,"date":"2016-11-30T11:16:38","date_gmt":"2016-11-30T10:16:38","guid":{"rendered":"https:\/\/untenlassen.org\/?page_id=53"},"modified":"2019-03-17T16:35:56","modified_gmt":"2019-03-17T15:35:56","slug":"start","status":"publish","type":"page","link":"https:\/\/untenlassen.org\/fr\/","title":{"rendered":"Kohle unten lassen <br \/>statt Protest unterlassen"},"content":{"rendered":"<h2>Unterst\u00fctzt Klima-Aktivist*innen vor Gericht<\/h2>\n<p>W\u00e4hrend RWE und andere Konzerne ungestraft Kohle abbauen und das Klima zerst\u00f6ren, werden wir f\u00fcr geringf\u00fcgige Regel\u00fcbertritte bei legitimem Protest kriminalisiert.<\/p>\n<p>Etwa 100 Menschen, die sich an <a href=\"https:\/\/untenlassen.org\/protestaktionen\">Protestaktionen<\/a> wie &#8220;<a href=\"https:\/\/2015.ende-gelaende.org\/de\/aktion.html\" target=\"_blank\" rel=\"noopener noreferrer\">Ende Gel\u00e4nde<\/a>&#8221; beteiligten, wurden von der Gro\u00dfkanzlei <a href=\"https:\/\/untenlassen.org\/hintergrund\/redeker\">Redeker, Sellner, Dahs<\/a> aufgefordert, eine <a href=\"https:\/\/untenlassen.org\/hintergrund\/unterlassungserklaerungen\">Unterlassungserkl\u00e4rung<\/a> (<a href=\"https:\/\/untenlassen.org\/hintergrund\/unterlassungserklaerungen\/beispiel\">Beispiel<\/a>) zu unterschreiben. Dabei handelt es sich um ein rechtsverbindliches Versprechen an RWE, in Zukunft jeglichen Protest auf deren Betriebsgel\u00e4nde zu unterlassen. Die meisten Aktivist*innen weigerten sich, die Erkl\u00e4rung zu unterzeichnen. Eine Handvoll Leute wurde von RWE verklagt. Bei allen anderen ist die Frist f\u00fcr eine Zivilklage am 31.12.2018 abgelaufen. Herzlichen Gl\u00fcckwunsch an alle, die nicht unterschrieben haben, und gleichzeitig nat\u00fcrlich Solidarit\u00e4t und Respekt f\u00fcr alle, die es getan haben!<\/p>\n<p>Nach 2015 gab es viele weitere Protestaktionen an Orten, an denen Klimawandel gemacht wird. Einige weitere Unterlassungsklagen sind daher immer noch anh\u00e4ngig. Die Kosten der Gerichtsverfahren belaufen sich auf 2.000 bis 5.000 Euro pro Person &#8211; oder auch mehr, wenn wir uns durch mehrere Instanzen klagen.<\/p>\n<p>Au\u00dferdem hat RWE angefangen, zivilrechtlich weiter zu eskalieren: Sechs Menschen werden wegen der Aktion #WeShutDown am Kraftwerk Weisweiler im November 2017 auf <a href=\"https:\/\/untenlassen.org\/we-dont-shut-up-solidaritaet-mit-weshutdown\">zwei Millionen Euro Schadensersatz<\/a> verklagt. Wir rufen dazu auf, sich mit den Betroffenen zu solidarisieren. Spenden sind herzlich willkommen &#8211; diese werden garantiert nur f\u00fcr Kampagnenarbeit und Prozessf\u00fchrung verwendet. RWE wird keinen Cent sehen.<\/p>\n<p>F\u00fcr den Abbau von Braunkohle zerst\u00f6rt der Energiekonzern <a href=\"https:\/\/untenlassen.org\/hintergrund\/rwe\">RWE<\/a> einzigartige W\u00e4lder und historische D\u00f6rfer; die Kraftwerke des Konzerns verursachen rund zehn Prozent der deutschen CO\u2082-Emissionen. Nach Willen der deutschen Kohlekommission soll das bis 2038 so weiter gehen.<\/p>\n<p>Dass wir verklagt werden, widerspricht unserem Rechtsverst\u00e4ndnis: Angesichts der <a href=\"https:\/\/untenlassen.org\/hintergrund\/zahlen-und-fakten\">naturwissenschaftlichen Faktenlage<\/a> ist es Unrecht, noch 20 Jahre weiter Kohle abzubauen und zu verbrennen. Es ist richtig und wichtig, Widerstand dagegen zu leisten.<\/p>\n<p>Um zu verhindern, dass der Klimawandel unkontrollierbar wird, m\u00fcssen wir fossile Ressourcen <a href=\"https:\/\/untenlassen.org\/hintergrund\/zahlen-und-fakten\">im Boden lassen<\/a>. Und zwar sofort.<\/p>\n<p><span style=\"font-size: 12pt;\"><strong>RWE will unseren Protest mundtot machen \u2013 das lassen wir nicht zu! <\/strong><\/span><\/p>\n<p><span style=\"font-size: 12pt;\">Dabei brauchen wir eure <a href=\"https:\/\/untenlassen.org\/unterstuetzen\">Unterst\u00fctzung<\/a>.<\/span><\/p>\n<p><a href=\"https:\/\/untenlassen.org\/unterstuetzen\"><img loading=\"lazy\" decoding=\"async\" class=\"aligncenter wp-image-465 size-large\" src=\"https:\/\/untenlassen.org\/wp-content\/uploads\/2016\/11\/ende-gelaende-2015-1-1024x576.jpg\" width=\"840\" height=\"473\" srcset=\"https:\/\/untenlassen.org\/wp-content\/uploads\/2016\/11\/ende-gelaende-2015-1-1024x576.jpg 1024w, https:\/\/untenlassen.org\/wp-content\/uploads\/2016\/11\/ende-gelaende-2015-1-300x169.jpg 300w, https:\/\/untenlassen.org\/wp-content\/uploads\/2016\/11\/ende-gelaende-2015-1-768x432.jpg 768w, https:\/\/untenlassen.org\/wp-content\/uploads\/2016\/11\/ende-gelaende-2015-1-1200x675.jpg 1200w\" sizes=\"auto, (max-width: 709px) 85vw, (max-width: 909px) 67vw, (max-width: 1362px) 62vw, 840px\" \/><\/a><\/p>\n<div class=\"shariff\" data-title=\"Kohle unten lassen <br \/>statt Protest unterlassen\" data-info-url=\"http:\/\/ct.de\/-2467514\" data-backend-url=\"https:\/\/untenlassen.org\/wp-content\/plugins\/shariff-sharing\/backend\/index.php\" data-temp=\"\/tmp\" data-ttl=\"60\" data-service=\"t\" data-services='[\"facebook\",\"twitter\",\"mail\",\"info\"]' data-image=\"https:\/\/untenlassen.org\/wp-content\/uploads\/2016\/11\/ende-gelaende-2015-1-1024x576.jpg\" data-url=\"https:\/\/untenlassen.org\/fr\/\" data-lang=\"fr\" data-theme=\"round\" data-orientation=\"horizontal\"><\/div>","protected":false},"excerpt":{"rendered":"<p>Unterst\u00fctzt Klima-Aktivist*innen vor Gericht W\u00e4hrend RWE und andere Konzerne ungestraft Kohle abbauen und das Klima zerst\u00f6ren, werden wir f\u00fcr geringf\u00fcgige Regel\u00fcbertritte bei legitimem Protest kriminalisiert. Etwa 100 Menschen, die sich an Protestaktionen wie &#8220;Ende Gel\u00e4nde&#8221; beteiligten, wurden von der Gro\u00dfkanzlei Redeker, Sellner, Dahs aufgefordert, eine Unterlassungserkl\u00e4rung (Beispiel) zu unterschreiben. Dabei handelt es sich um ein &hellip; <a href=\"https:\/\/untenlassen.org\/fr\/\" class=\"more-link\">Continue reading<span class=\"screen-reader-text\"> &#8220;Kohle unten lassen <br \/>statt Protest unterlassen&#8221;<\/span><\/a><\/p>\n","protected":false},"author":1,"featured_media":0,"parent":0,"menu_order":0,"comment_status":"closed","ping_status":"closed","template":"","meta":{"ngg_post_thumbnail":0,"footnotes":""},"class_list":["post-53","page","type-page","status-publish","hentry"],"translation":{"provider":"WPGlobus","version":"3.0.2","language":"fr","enabled_languages":["de","en","fr"],"languages":{"de":{"title":true,"content":true,"excerpt":false},"en":{"title":false,"content":false,"excerpt":false},"fr":{"title":false,"content":false,"excerpt":false}}},"_links":{"self":[{"href":"https:\/\/untenlassen.org\/fr\/wp-json\/wp\/v2\/pages\/53","targetHints":{"allow":["GET"]}}],"collection":[{"href":"https:\/\/untenlassen.org\/fr\/wp-json\/wp\/v2\/pages"}],"about":[{"href":"https:\/\/untenlassen.org\/fr\/wp-json\/wp\/v2\/types\/page"}],"author":[{"embeddable":true,"href":"https:\/\/untenlassen.org\/fr\/wp-json\/wp\/v2\/users\/1"}],"replies":[{"embeddable":true,"href":"https:\/\/untenlassen.org\/fr\/wp-json\/wp\/v2\/comments?post=53"}],"version-history":[{"count":73,"href":"https:\/\/untenlassen.org\/fr\/wp-json\/wp\/v2\/pages\/53\/revisions"}],"predecessor-version":[{"id":1713,"href":"https:\/\/untenlassen.org\/fr\/wp-json\/wp\/v2\/pages\/53\/revisions\/1713"}],"wp:attachment":[{"href":"https:\/\/untenlassen.org\/fr\/wp-json\/wp\/v2\/media?parent=53"}],"curies":[{"name":"wp","href":"https:\/\/api.w.org\/{rel}","templated":true}]}}