{"id":650,"date":"2017-02-13T13:33:50","date_gmt":"2017-02-13T12:33:50","guid":{"rendered":"https:\/\/untenlassen.org\/?page_id=650"},"modified":"2017-02-13T18:42:32","modified_gmt":"2017-02-13T17:42:32","slug":"impressum","status":"publish","type":"page","link":"https:\/\/untenlassen.org\/fr\/kontakt\/impressum","title":{"rendered":"Impressum"},"content":{"rendered":"<p>Dorothee H\u00e4u\u00dfermann<br \/>\nAlte Reihe 16<br \/>\n27313 D\u00f6rverden<\/p>\n","protected":false},"excerpt":{"rendered":"<p>Dorothee H\u00e4u\u00dfermann Alte Reihe 16 27313 D\u00f6rverden<\/p>\n","protected":false},"author":2,"featured_media":0,"parent":17,"menu_order":1,"comment_status":"closed","ping_status":"closed","template":"","meta":{"ngg_post_thumbnail":0,"footnotes":""},"class_list":["post-650","page","type-page","status-publish","hentry"],"translation":{"provider":"WPGlobus","version":"3.0.2","language":"fr","enabled_languages":["de","en","fr"],"languages":{"de":{"title":true,"content":true,"excerpt":false},"en":{"title":true,"content":true,"excerpt":false},"fr":{"title":false,"content":false,"excerpt":false}}},"_links":{"self":[{"href":"https:\/\/untenlassen.org\/fr\/wp-json\/wp\/v2\/pages\/650","targetHints":{"allow":["GET"]}}],"collection":[{"href":"https:\/\/untenlassen.org\/fr\/wp-json\/wp\/v2\/pages"}],"about":[{"href":"https:\/\/untenlassen.org\/fr\/wp-json\/wp\/v2\/types\/page"}],"author":[{"embeddable":true,"href":"https:\/\/untenlassen.org\/fr\/wp-json\/wp\/v2\/users\/2"}],"replies":[{"embeddable":true,"href":"https:\/\/untenlassen.org\/fr\/wp-json\/wp\/v2\/comments?post=650"}],"version-history":[{"count":5,"href":"https:\/\/untenlassen.org\/fr\/wp-json\/wp\/v2\/pages\/650\/revisions"}],"predecessor-version":[{"id":789,"href":"https:\/\/untenlassen.org\/fr\/wp-json\/wp\/v2\/pages\/650\/revisions\/789"}],"up":[{"embeddable":true,"href":"https:\/\/untenlassen.org\/fr\/wp-json\/wp\/v2\/pages\/17"}],"wp:attachment":[{"href":"https:\/\/untenlassen.org\/fr\/wp-json\/wp\/v2\/media?parent=650"}],"curies":[{"name":"wp","href":"https:\/\/api.w.org\/{rel}","templated":true}]}}