{"id":693,"date":"2017-02-14T22:32:21","date_gmt":"2017-02-14T21:32:21","guid":{"rendered":"https:\/\/untenlassen.org\/?page_id=693"},"modified":"2017-02-16T22:54:43","modified_gmt":"2017-02-16T21:54:43","slug":"rwe-adressen","status":"publish","type":"page","link":"https:\/\/untenlassen.org\/fr\/rwe-adressen","title":{"rendered":"Coordonn\u00e9es de RWE"},"content":{"rendered":"<h2>Si\u00e8ge principal:<\/h2>\n<p>RWE Power AG<br \/>\nHuyssenallee 2<br \/>\n45128 Essen<br \/>\nAllemagne<\/p>\n<h2>Mines \u00e0 ciel ouvert:<\/h2>\n<p>RWE Power AG<br \/>\nTagebau Hambach<br \/>\nAm Tagebau<br \/>\n52382 Niederzier<br \/>\nAllemagne<\/p>\n<p>RWE Power AG<br \/>\nTagebau Garzweiler<br \/>\nErftstra\u00dfe 111<br \/>\n41517 Grevenbroich<br \/>\nAllemagne<\/p>\n<p>RWE Power AG<br \/>\nTagebau Inden<br \/>\nAm Kraftwerk 17<br \/>\n52249 Eschweiler<br \/>\nAllemagne<\/p>\n<h2>Centrales \u00e0 charbon:<\/h2>\n<p>RWE Power AG<br \/>\nKraftwerk Niederau\u00dfem<br \/>\nWerkstra\u00dfe<br \/>\n50129 Bergheim<br \/>\nAllemagne<\/p>\n<p>RWE Power AG<br \/>\nKraftwerk Frimmersdorf<br \/>\nBurggasse<br \/>\n41517 Grevenbroich<br \/>\nAllemagne<\/p>\n<p>RWE Power AG<br \/>\nKraftwerk Neurath<br \/>\nEnergiestra\u00dfe<br \/>\n41517 Grevenbroich<br \/>\nAllemagne<\/p>\n<p>RWE Power AG<br \/>\nKraftwerk Weisweiler<br \/>\nAm Kraftwerk 17<br \/>\n52249 Eschweiler<br \/>\nAllemagne<\/p>\n<h2>Divers:<\/h2>\n<p>RWE Power AG<br \/>\nUmsiedlung Au\u00dfenstelle Immerath<br \/>\nRurstr. 9<br \/>\n41812 Erkelenz<br \/>\nAllemagne<\/p>\n<p>innogy<br \/>\nOpernplatz 1<br \/>\n45128 Essen<br \/>\nAllemagne<\/p>\n","protected":false},"excerpt":{"rendered":"<p>Si\u00e8ge principal: RWE Power AG Huyssenallee 2 45128 Essen Allemagne Mines \u00e0 ciel ouvert: RWE Power AG Tagebau Hambach Am Tagebau 52382 Niederzier Allemagne RWE Power AG Tagebau Garzweiler Erftstra\u00dfe 111 41517 Grevenbroich Allemagne RWE Power AG Tagebau Inden Am Kraftwerk 17 52249 Eschweiler Allemagne Centrales \u00e0 charbon: RWE Power AG Kraftwerk Niederau\u00dfem Werkstra\u00dfe 50129 &hellip; <a href=\"https:\/\/untenlassen.org\/fr\/rwe-adressen\" class=\"more-link\">Continue reading<span class=\"screen-reader-text\"> &#8220;Coordonn\u00e9es de RWE&#8221;<\/span><\/a><\/p>\n","protected":false},"author":1,"featured_media":0,"parent":0,"menu_order":0,"comment_status":"closed","ping_status":"closed","template":"","meta":{"ngg_post_thumbnail":0,"footnotes":""},"class_list":["post-693","page","type-page","status-publish","hentry"],"translation":{"provider":"WPGlobus","version":"3.0.2","language":"fr","enabled_languages":["de","en","fr"],"languages":{"de":{"title":true,"content":true,"excerpt":false},"en":{"title":true,"content":true,"excerpt":false},"fr":{"title":true,"content":true,"excerpt":false}}},"_links":{"self":[{"href":"https:\/\/untenlassen.org\/fr\/wp-json\/wp\/v2\/pages\/693","targetHints":{"allow":["GET"]}}],"collection":[{"href":"https:\/\/untenlassen.org\/fr\/wp-json\/wp\/v2\/pages"}],"about":[{"href":"https:\/\/untenlassen.org\/fr\/wp-json\/wp\/v2\/types\/page"}],"author":[{"embeddable":true,"href":"https:\/\/untenlassen.org\/fr\/wp-json\/wp\/v2\/users\/1"}],"replies":[{"embeddable":true,"href":"https:\/\/untenlassen.org\/fr\/wp-json\/wp\/v2\/comments?post=693"}],"version-history":[{"count":8,"href":"https:\/\/untenlassen.org\/fr\/wp-json\/wp\/v2\/pages\/693\/revisions"}],"predecessor-version":[{"id":735,"href":"https:\/\/untenlassen.org\/fr\/wp-json\/wp\/v2\/pages\/693\/revisions\/735"}],"wp:attachment":[{"href":"https:\/\/untenlassen.org\/fr\/wp-json\/wp\/v2\/media?parent=693"}],"curies":[{"name":"wp","href":"https:\/\/api.w.org\/{rel}","templated":true}]}}