{"id":70,"date":"2016-12-05T11:21:12","date_gmt":"2016-12-05T10:21:12","guid":{"rendered":"https:\/\/untenlassen.org\/?page_id=70"},"modified":"2017-04-07T20:50:09","modified_gmt":"2017-04-07T19:50:09","slug":"nicht-wir-kampagne","status":"publish","type":"page","link":"https:\/\/untenlassen.org\/fr\/hintergrund\/nicht-wir-kampagne","title":{"rendered":"La campagne #Pas nous (#Nicht Wir)"},"content":{"rendered":"<p>D\u00e9j\u00e0 en 2012 et 2013 <a href=\"https:\/\/untenlassen.org\/fr\/hintergrund\/rwe\">RWE<\/a> essayait d\u2019intimider les activistes en leur envoyant la d\u00e9claration d\u2019engagement \u00e0 l\u2019abstention.<\/p>\n<p>En 2012 un proc\u00e8s a d\u00e9j\u00e0 eu lieu contre cela.<\/p>\n<p>En 2013 les activistes ont organis\u00e9 une campagne pour s\u2019opposer \u00e0 la r\u00e9pression des droits civils. Les personnes ont \u00e9t\u00e9 invit\u00e9es \u00e0 envoyer elles-m\u00eames une <a href=\"https:\/\/untenlassen.org\/fr\/hintergrund\/unterlassungserklaerungen\">d\u00e9claration d\u2019abstention<\/a> \u00e0 RWE demandant \u00e0 la multinationale de l\u2019\u00e9nergie d\u2019abandonner l\u2019extraction du charbon.<\/p>\n<p><a href=\"http:\/\/www.nicht-wir.de\/unterlassungserklaerung-an-rwe\/\" target=\"_blank\">Ici<\/a> se trouve l\u2019ancienne page internet de la campagne #Nicht Wir Kampagne. Avec l\u2019actuelle campagne nous nous basons donc sur une bonne r\u00e9putation.<\/p>\n","protected":false},"excerpt":{"rendered":"<p>D\u00e9j\u00e0 en 2012 et 2013 RWE essayait d\u2019intimider les activistes en leur envoyant la d\u00e9claration d\u2019engagement \u00e0 l\u2019abstention. En 2012 un proc\u00e8s a d\u00e9j\u00e0 eu lieu contre cela. En 2013 les activistes ont organis\u00e9 une campagne pour s\u2019opposer \u00e0 la r\u00e9pression des droits civils. Les personnes ont \u00e9t\u00e9 invit\u00e9es \u00e0 envoyer elles-m\u00eames une d\u00e9claration d\u2019abstention &hellip; <a href=\"https:\/\/untenlassen.org\/fr\/hintergrund\/nicht-wir-kampagne\" class=\"more-link\">Continue reading<span class=\"screen-reader-text\"> &#8220;La campagne #Pas nous (#Nicht Wir)&#8221;<\/span><\/a><\/p>\n","protected":false},"author":1,"featured_media":0,"parent":27,"menu_order":40,"comment_status":"closed","ping_status":"closed","template":"","meta":{"ngg_post_thumbnail":0,"footnotes":""},"class_list":["post-70","page","type-page","status-publish","hentry"],"translation":{"provider":"WPGlobus","version":"3.0.2","language":"fr","enabled_languages":["de","en","fr"],"languages":{"de":{"title":true,"content":true,"excerpt":false},"en":{"title":true,"content":true,"excerpt":false},"fr":{"title":true,"content":true,"excerpt":false}}},"_links":{"self":[{"href":"https:\/\/untenlassen.org\/fr\/wp-json\/wp\/v2\/pages\/70","targetHints":{"allow":["GET"]}}],"collection":[{"href":"https:\/\/untenlassen.org\/fr\/wp-json\/wp\/v2\/pages"}],"about":[{"href":"https:\/\/untenlassen.org\/fr\/wp-json\/wp\/v2\/types\/page"}],"author":[{"embeddable":true,"href":"https:\/\/untenlassen.org\/fr\/wp-json\/wp\/v2\/users\/1"}],"replies":[{"embeddable":true,"href":"https:\/\/untenlassen.org\/fr\/wp-json\/wp\/v2\/comments?post=70"}],"version-history":[{"count":17,"href":"https:\/\/untenlassen.org\/fr\/wp-json\/wp\/v2\/pages\/70\/revisions"}],"predecessor-version":[{"id":147,"href":"https:\/\/untenlassen.org\/fr\/wp-json\/wp\/v2\/pages\/70\/revisions\/147"}],"up":[{"embeddable":true,"href":"https:\/\/untenlassen.org\/fr\/wp-json\/wp\/v2\/pages\/27"}],"wp:attachment":[{"href":"https:\/\/untenlassen.org\/fr\/wp-json\/wp\/v2\/media?parent=70"}],"curies":[{"name":"wp","href":"https:\/\/api.w.org\/{rel}","templated":true}]}}