{"id":767,"date":"2017-02-23T21:46:08","date_gmt":"2017-02-23T20:46:08","guid":{"rendered":"https:\/\/untenlassen.org\/?page_id=767"},"modified":"2017-10-27T20:23:11","modified_gmt":"2017-10-27T19:23:11","slug":"material","status":"publish","type":"page","link":"https:\/\/untenlassen.org\/fr\/unterstuetzen\/material","title":{"rendered":"Material"},"content":{"rendered":"<h2>Logo<\/h2>\n<p><a title=\"Kohle unten lassen statt Protest unterlassen!\" href=\"https:\/\/untenlassen.org\/\" target=\"_blank\" rel=\"noopener\"><img loading=\"lazy\" decoding=\"async\" src=\"https:\/\/untenlassen.org\/wp-content\/uploads\/2017\/02\/untenlassen_logo_x2-1.png\" height=\"135\" width=\"274\"><\/a><\/p>\n<h2>Flyer<\/h2>\n<p><a href=\"https:\/\/untenlassen.org\/wp-content\/uploads\/2017\/02\/untenlassen_flyer_a5_print.pdf\">DIN A5 Flyer Druckqualit\u00e4t (PDF, 963 kB)<\/a><br \/>\n<a href=\"https:\/\/untenlassen.org\/wp-content\/uploads\/2017\/10\/untenlassen_flyer_a5_web_de.pdf\">DIN A5 Flyer mittlere Qualit\u00e4t in deutscher Sprache (PDF, 330 kB)<\/a><br \/>\n<a href=\"https:\/\/untenlassen.org\/wp-content\/uploads\/2017\/10\/untenlassen_flyer_a5_web_en.pdf\">DIN A5 Flyer mittlere Qualit\u00e4t in englischer Sprache (PDF, 330 kB)<\/a><\/p>\n<h2>Plakat<\/h2>\n<p><a href=\"https:\/\/untenlassen.org\/wp-content\/uploads\/2017\/03\/untenlassen_plakat_a2_print.pdf\">DIN A2 Plakat Druckqualit\u00e4t (PDF, 3,9 MB)<\/a><\/p>\n","protected":false},"excerpt":{"rendered":"<p>Logo Flyer DIN A5 Flyer Druckqualit\u00e4t (PDF, 963 kB) DIN A5 Flyer mittlere Qualit\u00e4t in deutscher Sprache (PDF, 330 kB) DIN A5 Flyer mittlere Qualit\u00e4t in englischer Sprache (PDF, 330 kB) Plakat DIN A2 Plakat Druckqualit\u00e4t (PDF, 3,9 MB)<\/p>\n","protected":false},"author":1,"featured_media":0,"parent":42,"menu_order":0,"comment_status":"closed","ping_status":"closed","template":"","meta":{"ngg_post_thumbnail":0,"footnotes":""},"class_list":["post-767","page","type-page","status-publish","hentry"],"translation":{"provider":"WPGlobus","version":"3.0.2","language":"fr","enabled_languages":["de","en","fr"],"languages":{"de":{"title":true,"content":true,"excerpt":false},"en":{"title":true,"content":true,"excerpt":false},"fr":{"title":false,"content":false,"excerpt":false}}},"_links":{"self":[{"href":"https:\/\/untenlassen.org\/fr\/wp-json\/wp\/v2\/pages\/767","targetHints":{"allow":["GET"]}}],"collection":[{"href":"https:\/\/untenlassen.org\/fr\/wp-json\/wp\/v2\/pages"}],"about":[{"href":"https:\/\/untenlassen.org\/fr\/wp-json\/wp\/v2\/types\/page"}],"author":[{"embeddable":true,"href":"https:\/\/untenlassen.org\/fr\/wp-json\/wp\/v2\/users\/1"}],"replies":[{"embeddable":true,"href":"https:\/\/untenlassen.org\/fr\/wp-json\/wp\/v2\/comments?post=767"}],"version-history":[{"count":29,"href":"https:\/\/untenlassen.org\/fr\/wp-json\/wp\/v2\/pages\/767\/revisions"}],"predecessor-version":[{"id":1463,"href":"https:\/\/untenlassen.org\/fr\/wp-json\/wp\/v2\/pages\/767\/revisions\/1463"}],"up":[{"embeddable":true,"href":"https:\/\/untenlassen.org\/fr\/wp-json\/wp\/v2\/pages\/42"}],"wp:attachment":[{"href":"https:\/\/untenlassen.org\/fr\/wp-json\/wp\/v2\/media?parent=767"}],"curies":[{"name":"wp","href":"https:\/\/api.w.org\/{rel}","templated":true}]}}