{"id":86,"date":"2016-12-05T11:52:40","date_gmt":"2016-12-05T10:52:40","guid":{"rendered":"https:\/\/untenlassen.org\/?page_id=86"},"modified":"2019-04-09T17:14:06","modified_gmt":"2019-04-09T16:14:06","slug":"wer-wir-sind","status":"publish","type":"page","link":"https:\/\/untenlassen.org\/fr\/hintergrund\/wer-wir-sind","title":{"rendered":"Qui nous sommes"},"content":{"rendered":"<p>Nous sommes des personnes faisant partie du mouvement pour la justice climatique. En ao\u00fbt 2015 nous avons occup\u00e9-e-s avec 1000 personnes la mine \u00e0 ciel ouverte de Garzweiler et avons demand\u00e9-e-s sous le slogan <a href=\"https:\/\/www.ende-gelaende.org\/fr\/\" target=\"_blank\" rel=\"noopener noreferrer\">&#8220;Ende Gel\u00e4nde&#8221; \u2013 &#8220;jusqu\u2019ici pas plus loin&#8221;<\/a> &#8211; de mettre fin \u00e0 l\u2018exploitation du lignite. Lors de diverses actions de protestation nous bloquons directement les excavatrices et trains de charbon dans le vaste territoire d\u2018extraction de lignite en Rh\u00e9nanie.<\/p>\n<p>Nous sommes persuad\u00e9-e-s que <a href=\"https:\/\/untenlassen.org\/fr\/hintergrund\/ziviler-ungehorsam\">la d\u00e9sob\u00e9issance civile<\/a> est \u00e0 la fois l\u00e9gitime et n\u00e9cessaire afin de contrer les cons\u00e9quences d\u00e9vastateurs du r\u00e9chauffement climatique.<\/p>\n<p>Nous portons nos protestations pr\u00e9cisement aux lieux d\u2018origine du changement climatique: devant les pieds de RWE, l\u2018\u00e9metteur majeur de CO\u2082 en Europe.<\/p>\n<p>Nos actions se portent sur l\u2018extraction et le br\u00fblage du lignite, pas sur des personnes.<\/p>\n","protected":false},"excerpt":{"rendered":"<p>Nous sommes des personnes faisant partie du mouvement pour la justice climatique. En ao\u00fbt 2015 nous avons occup\u00e9-e-s avec 1000 personnes la mine \u00e0 ciel ouverte de Garzweiler et avons demand\u00e9-e-s sous le slogan &#8220;Ende Gel\u00e4nde&#8221; \u2013 &#8220;jusqu\u2019ici pas plus loin&#8221; &#8211; de mettre fin \u00e0 l\u2018exploitation du lignite. Lors de diverses actions de protestation &hellip; <a href=\"https:\/\/untenlassen.org\/fr\/hintergrund\/wer-wir-sind\" class=\"more-link\">Continue reading<span class=\"screen-reader-text\"> &#8220;Qui nous sommes&#8221;<\/span><\/a><\/p>\n","protected":false},"author":1,"featured_media":0,"parent":27,"menu_order":30,"comment_status":"closed","ping_status":"closed","template":"","meta":{"ngg_post_thumbnail":0,"footnotes":""},"class_list":["post-86","page","type-page","status-publish","hentry"],"translation":{"provider":"WPGlobus","version":"3.0.2","language":"fr","enabled_languages":["de","en","fr"],"languages":{"de":{"title":true,"content":true,"excerpt":false},"en":{"title":true,"content":true,"excerpt":false},"fr":{"title":true,"content":true,"excerpt":false}}},"_links":{"self":[{"href":"https:\/\/untenlassen.org\/fr\/wp-json\/wp\/v2\/pages\/86","targetHints":{"allow":["GET"]}}],"collection":[{"href":"https:\/\/untenlassen.org\/fr\/wp-json\/wp\/v2\/pages"}],"about":[{"href":"https:\/\/untenlassen.org\/fr\/wp-json\/wp\/v2\/types\/page"}],"author":[{"embeddable":true,"href":"https:\/\/untenlassen.org\/fr\/wp-json\/wp\/v2\/users\/1"}],"replies":[{"embeddable":true,"href":"https:\/\/untenlassen.org\/fr\/wp-json\/wp\/v2\/comments?post=86"}],"version-history":[{"count":23,"href":"https:\/\/untenlassen.org\/fr\/wp-json\/wp\/v2\/pages\/86\/revisions"}],"predecessor-version":[{"id":1717,"href":"https:\/\/untenlassen.org\/fr\/wp-json\/wp\/v2\/pages\/86\/revisions\/1717"}],"up":[{"embeddable":true,"href":"https:\/\/untenlassen.org\/fr\/wp-json\/wp\/v2\/pages\/27"}],"wp:attachment":[{"href":"https:\/\/untenlassen.org\/fr\/wp-json\/wp\/v2\/media?parent=86"}],"curies":[{"name":"wp","href":"https:\/\/api.w.org\/{rel}","templated":true}]}}