{"id":89,"date":"2016-12-05T12:22:12","date_gmt":"2016-12-05T11:22:12","guid":{"rendered":"https:\/\/untenlassen.org\/?page_id=89"},"modified":"2017-03-26T17:47:56","modified_gmt":"2017-03-26T16:47:56","slug":"soli-statements","status":"publish","type":"page","link":"https:\/\/untenlassen.org\/fr\/unterstuetzen\/soli-statements","title":{"rendered":"Soli-Statements"},"content":{"rendered":"<p>Viele Menschen zeigen sich solidarisch mit den von Repression Betroffenen &#8211; sei es durch <a href=\"https:\/\/untenlassen.org\/unterstuetzen\">finanzielle Unterst\u00fctzung<\/a> oder dadurch, dass sie uns ihre Solidarit\u00e4t aussprechen. Beides ist von unglaublichem Wert, wenn es darum geht zu zeigen, dass zwar Einzelne betroffen, aber wir alle gemeint sind.<\/p>\n<p>Lest hier, wer uns unterst\u00fctzt und warum:<\/p>\n<ul class=\"lcp_catlist\" id=\"lcp_instance_0\"><li><div class=\"lcp_content\"><blockquote>\n<p>&#8220;Angesichts der verheerenden Folgen des Klimawandels ist ziviler Ungehorsam gegen Kohle nicht nur legitim, sondern das Gebot der Stunde. RWE versucht jetzt, Klima-Aktivist*innen zu kriminalisieren, die Widerstand gegen eine der schmutzigsten fossilen Energiequellen leisten: das rheinische Braunkohlerevier. Lasst euch nicht einsch\u00fcchtern und macht weiter mit euren kraftvollen Kampagnen f\u00fcr Klimagerechtigkeit!&#8221;<\/p>\n<\/blockquote>\n<p>Maxime Combes, Attac France<br \/>\nLidy Nacpil, Asian Peoples Movement on Debt and Development (APMDD)<br \/>\nNnimmo Bassey, Health of Mother Earth Foundation, Tr\u00e4ger des Alternativen Nobelpreises<br \/>\nNiko Paech, apl. Prof. Dr., Lehrbeauftragter an der Universit\u00e4t Siegen<\/p>\n<div class=\"shariff\" data-title=\"\" data-info-url=\"http:\/\/ct.de\/-2467514\" data-backend-url=\"https:\/\/untenlassen.org\/wp-content\/plugins\/shariff-sharing\/backend\/index.php\" data-temp=\"\/tmp\" data-ttl=\"60\" data-service=\"t\" data-services='[\"facebook\",\"twitter\",\"mail\",\"info\"]' data-image=\"\" data-url=\"https:\/\/untenlassen.org\/fr\/solistatement\" data-lang=\"fr\" data-theme=\"round\" data-orientation=\"horizontal\"><\/div><div class=\"shariff\" data-title=\"\" data-info-url=\"http:\/\/ct.de\/-2467514\" data-backend-url=\"https:\/\/untenlassen.org\/wp-content\/plugins\/shariff-sharing\/backend\/index.php\" data-temp=\"\/tmp\" data-ttl=\"60\" data-service=\"t\" data-services='[\"facebook\",\"twitter\",\"mail\",\"info\"]' data-image=\"\" data-url=\"https:\/\/untenlassen.org\/fr\/solistatement\" data-lang=\"fr\" data-theme=\"round\" data-orientation=\"horizontal\"><\/div><\/div><\/li><\/ul>\n<ul class=\"lcp_catlist\" id=\"lcp_instance_0\"><li>Interventionistische Linke Hamburg<div class=\"lcp_content\">\n<p class=\"title style-scope ytd-video-primary-info-renderer\"><em><a href=\"https:\/\/www.youtube.com\/watch?v=699XPI-oKXs\" target=\"_blank\" rel=\"noopener noreferrer\">Soli-Video vom 1. Patmob bei RWE Hamburg, 18.12.2013 (utopieTV-doku-video) (auf YouTube)<\/a><\/em><\/p>\n\n\n\n<figure class=\"wp-block-embed-youtube wp-block-embed is-type-video is-provider-youtube wp-embed-aspect-16-9 wp-has-aspect-ratio\"><div class=\"wp-block-embed__wrapper\">\n<iframe loading=\"lazy\" title=\"1. Patmob bei RWE Hamburg,18.12. 2013 (utopieTV-doku-video)\" width=\"840\" height=\"473\" src=\"https:\/\/www.youtube.com\/embed\/699XPI-oKXs?feature=oembed\" frameborder=\"0\" allow=\"accelerometer; autoplay; clipboard-write; encrypted-media; gyroscope; picture-in-picture\" allowfullscreen><\/iframe>\n<\/div><\/figure>\n<div class=\"shariff\" data-title=\"Interventionistische Linke Hamburg\" data-info-url=\"http:\/\/ct.de\/-2467514\" data-backend-url=\"https:\/\/untenlassen.org\/wp-content\/plugins\/shariff-sharing\/backend\/index.php\" data-temp=\"\/tmp\" data-ttl=\"60\" data-service=\"t\" data-services='[\"facebook\",\"twitter\",\"mail\",\"info\"]' data-image=\"\" data-url=\"https:\/\/untenlassen.org\/fr\/interventionistische-linke-hamburg\" data-lang=\"fr\" data-theme=\"round\" data-orientation=\"horizontal\"><\/div><div class=\"shariff\" data-title=\"Interventionistische Linke Hamburg\" data-info-url=\"http:\/\/ct.de\/-2467514\" data-backend-url=\"https:\/\/untenlassen.org\/wp-content\/plugins\/shariff-sharing\/backend\/index.php\" data-temp=\"\/tmp\" data-ttl=\"60\" data-service=\"t\" data-services='[\"facebook\",\"twitter\",\"mail\",\"info\"]' data-image=\"\" data-url=\"https:\/\/untenlassen.org\/fr\/interventionistische-linke-hamburg\" data-lang=\"fr\" data-theme=\"round\" data-orientation=\"horizontal\"><\/div>\n<\/div><\/li><li>Initiative Gewerkschafter*innen f\u00fcr Klimaschutz:<div class=\"lcp_content\"><blockquote><p>&#8220;Das Unterfangen von RWE, mit Unterlassungsverpflichtungserkl\u00e4rungen den Widerstand gegen den Braunkohleabbau zu kriminalisieren und zu l\u00e4hmen, kritisieren wir auf&#8217;s sch\u00e4rfste. Wir erkl\u00e4ren uns solidarisch mit den Klima-Aktivist*innen, die sich f\u00fcr die Zukunft unseres Planeten einsetzen, indem sie mit ihren K\u00f6rpern der zerst\u00f6rerischen Maschinerie des Braunkohleabbaus Einhalt gebieten. Lasst euch nicht unterkriegen, bis RWE und andere Energieriesen es unterlassen, das Klima zu ruinieren, Menschen das Zuhause zu nehmen und W\u00e4lder und Felder abzubaggern! There are no jobs on a dead planet! Unten lassen statt unterlassen!&#8221;<\/p><\/blockquote>\n<div class=\"shariff\" data-title=\"Initiative Gewerkschafter*innen f\u00fcr Klimaschutz:\" data-info-url=\"http:\/\/ct.de\/-2467514\" data-backend-url=\"https:\/\/untenlassen.org\/wp-content\/plugins\/shariff-sharing\/backend\/index.php\" data-temp=\"\/tmp\" data-ttl=\"60\" data-service=\"t\" data-services='[\"facebook\",\"twitter\",\"mail\",\"info\"]' data-image=\"\" data-url=\"https:\/\/untenlassen.org\/fr\/initiative-gewerkschafterinnen-fuer-klimaschutz\" data-lang=\"fr\" data-theme=\"round\" data-orientation=\"horizontal\"><\/div>\n<div class=\"shariff\" data-title=\"Initiative Gewerkschafter*innen f\u00fcr Klimaschutz:\" data-info-url=\"http:\/\/ct.de\/-2467514\" data-backend-url=\"https:\/\/untenlassen.org\/wp-content\/plugins\/shariff-sharing\/backend\/index.php\" data-temp=\"\/tmp\" data-ttl=\"60\" data-service=\"t\" data-services='[\"facebook\",\"twitter\",\"mail\",\"info\"]' data-image=\"\" data-url=\"https:\/\/untenlassen.org\/fr\/initiative-gewerkschafterinnen-fuer-klimaschutz\" data-lang=\"fr\" data-theme=\"round\" data-orientation=\"horizontal\"><\/div>\n<\/div><\/li><li>Arbeitsschwerpunkt Gesellschaftliche Naturverh\u00e4ltnisse (GesNat) der Bundeskoordination Internationalismus (BUKO):<div class=\"lcp_content\"><blockquote><p>&#8220;Der Kampf gegen den Klimawandel ist ein Kampf gegen die Strukturen, in denen die nat\u00fcrlichen Lebensgrundlagen Profitstreben geopfert werden. Der verzweifelte Versuch RWEs mit Unterlassungsklagen den Kohleausstieg hinauszuz\u00f6gern verdient nur eine Antwort: weiterhin vielf\u00e4ltigen, entschlossenen und solidarischen Widerstand zu leisten.&#8221;<\/p><\/blockquote>\n<p><a href=\"http:\/\/www.buko.info\/arbeitsschwerpunkte\/ges-naturverhaeltnisse\/\" target=\"_blank\" rel=\"noopener noreferrer\">http:\/\/www.buko.info\/arbeitsschwerpunkte\/ges-naturverhaeltnisse\/ <\/a><\/p>\n<div class=\"shariff\" data-title=\"Arbeitsschwerpunkt Gesellschaftliche Naturverh\u00e4ltnisse (GesNat) der Bundeskoordination Internationalismus (BUKO):\" data-info-url=\"http:\/\/ct.de\/-2467514\" data-backend-url=\"https:\/\/untenlassen.org\/wp-content\/plugins\/shariff-sharing\/backend\/index.php\" data-temp=\"\/tmp\" data-ttl=\"60\" data-service=\"t\" data-services='[\"facebook\",\"twitter\",\"mail\",\"info\"]' data-image=\"\" data-url=\"https:\/\/untenlassen.org\/fr\/arbeitsschwerpunkt-gesellschaftliche-naturverhaeltnisse-gesnat-der-bundeskoordination-internationalismus-buko\" data-lang=\"fr\" data-theme=\"round\" data-orientation=\"horizontal\"><\/div>\n<div class=\"shariff\" data-title=\"Arbeitsschwerpunkt Gesellschaftliche Naturverh\u00e4ltnisse (GesNat) der Bundeskoordination Internationalismus (BUKO):\" data-info-url=\"http:\/\/ct.de\/-2467514\" data-backend-url=\"https:\/\/untenlassen.org\/wp-content\/plugins\/shariff-sharing\/backend\/index.php\" data-temp=\"\/tmp\" data-ttl=\"60\" data-service=\"t\" data-services='[\"facebook\",\"twitter\",\"mail\",\"info\"]' data-image=\"\" data-url=\"https:\/\/untenlassen.org\/fr\/arbeitsschwerpunkt-gesellschaftliche-naturverhaeltnisse-gesnat-der-bundeskoordination-internationalismus-buko\" data-lang=\"fr\" data-theme=\"round\" data-orientation=\"horizontal\"><\/div>\n<\/div><\/li><li>Hannah Eichberger, Ende Gel\u00e4nde:<div class=\"lcp_content\"><blockquote><p>&#8220;Wir werden uns nicht von Gro\u00dfkonzernen und deren Privilegien einsch\u00fcchtern lassen, sondern uns mit den uns zur Verf\u00fcgung stehenden Mitteln gegen diese Repression zur Wehr setzen, sowohl auf dem juristischen Weg als auch durch kollektives und entschlossenes Handeln. Wir werden Sand im Getriebe bleiben und alles daf\u00fcr tun, dass Menschen, die sich gegen die Braunkohleindustrie einsetzen, nicht durch Unterlassungserkl\u00e4rungen und somit durch die Gro\u00dfkonzerne selbst still gelegt werden.&#8221;<\/p><\/blockquote>\n<div class=\"shariff\" data-title=\"Hannah Eichberger, Ende Gel\u00e4nde:\" data-info-url=\"http:\/\/ct.de\/-2467514\" data-backend-url=\"https:\/\/untenlassen.org\/wp-content\/plugins\/shariff-sharing\/backend\/index.php\" data-temp=\"\/tmp\" data-ttl=\"60\" data-service=\"t\" data-services='[\"facebook\",\"twitter\",\"mail\",\"info\"]' data-image=\"\" data-url=\"https:\/\/untenlassen.org\/fr\/hannah-eichberger-ende-gelaende\" data-lang=\"fr\" data-theme=\"round\" data-orientation=\"horizontal\"><\/div>\n<div class=\"shariff\" data-title=\"Hannah Eichberger, Ende Gel\u00e4nde:\" data-info-url=\"http:\/\/ct.de\/-2467514\" data-backend-url=\"https:\/\/untenlassen.org\/wp-content\/plugins\/shariff-sharing\/backend\/index.php\" data-temp=\"\/tmp\" data-ttl=\"60\" data-service=\"t\" data-services='[\"facebook\",\"twitter\",\"mail\",\"info\"]' data-image=\"\" data-url=\"https:\/\/untenlassen.org\/fr\/hannah-eichberger-ende-gelaende\" data-lang=\"fr\" data-theme=\"round\" data-orientation=\"horizontal\"><\/div>\n<\/div><\/li><li>LeKlima, Leipzig:<div class=\"lcp_content\"><blockquote>\n<p>&#8220;Cool, dass ihr macht was ihr macht! So richtig viel Geld haben wir nicht, aber viel Motivation euch zu unterst\u00fctzen.<br \/>\nWer hat hier den Knall? RWE, EPH und Vattenfall! Denen geht&#8217;s doch eh nur um die Kohle. Support your local Windkraftanlage!<br \/>\nJust Transition Now! D\u00f6rfer stehen lassen! Tagebaue fluten! Klagen unterlassen!<br \/>\nRWE soll die Kohle unten lassen, sonst kommen wir wieder in Massen. Alle Jahre wieder, ihr kriegt uns nicht nieder.&#8221;<\/p>\n<\/blockquote>\n<div class=\"shariff\" data-title=\"LeKlima, Leipzig:\" data-info-url=\"http:\/\/ct.de\/-2467514\" data-backend-url=\"https:\/\/untenlassen.org\/wp-content\/plugins\/shariff-sharing\/backend\/index.php\" data-temp=\"\/tmp\" data-ttl=\"60\" data-service=\"t\" data-services='[\"facebook\",\"twitter\",\"mail\",\"info\"]' data-image=\"\" data-url=\"https:\/\/untenlassen.org\/fr\/leklima-leipzig\" data-lang=\"fr\" data-theme=\"round\" data-orientation=\"horizontal\"><\/div>\n<div class=\"shariff\" data-title=\"LeKlima, Leipzig:\" data-info-url=\"http:\/\/ct.de\/-2467514\" data-backend-url=\"https:\/\/untenlassen.org\/wp-content\/plugins\/shariff-sharing\/backend\/index.php\" data-temp=\"\/tmp\" data-ttl=\"60\" data-service=\"t\" data-services='[\"facebook\",\"twitter\",\"mail\",\"info\"]' data-image=\"\" data-url=\"https:\/\/untenlassen.org\/fr\/leklima-leipzig\" data-lang=\"fr\" data-theme=\"round\" data-orientation=\"horizontal\"><\/div>\n<\/div><\/li><li>Apl. Prof. Dr. Niko Paech, Lehrbeauftragter an der Universit\u00e4t Siegen:<div class=\"lcp_content\"><blockquote>\n<p>&#8220;Der bekannte Ausspruch &#8216;Wo Unrecht zu Recht wird, wird Widerstand zur Pflicht&#8217; war selten so zutreffend wie hier, wo es darum geht im Rheinischen Revier phantasievollen und friedlichen Widerstand gegen weitere Zerst\u00f6rung zu \u00fcben. RWE muss endlich daran gehindert werden, das Weltklima und unseren Lebensraum noch weiter zu zerst\u00f6ren.&#8221;<\/p>\n<\/blockquote>\n<div class=\"shariff\" data-title=\"Apl. Prof. Dr. Niko Paech, Lehrbeauftragter an der Universit\u00e4t Siegen:\" data-info-url=\"http:\/\/ct.de\/-2467514\" data-backend-url=\"https:\/\/untenlassen.org\/wp-content\/plugins\/shariff-sharing\/backend\/index.php\" data-temp=\"\/tmp\" data-ttl=\"60\" data-service=\"t\" data-services='[\"facebook\",\"twitter\",\"mail\",\"info\"]' data-image=\"\" data-url=\"https:\/\/untenlassen.org\/fr\/apl-prof-dr-niko-paech-lehrbeauftragter-an-der-universitaet-siegen\" data-lang=\"fr\" data-theme=\"round\" data-orientation=\"horizontal\"><\/div>\n<div class=\"shariff\" data-title=\"Apl. Prof. Dr. Niko Paech, Lehrbeauftragter an der Universit\u00e4t Siegen:\" data-info-url=\"http:\/\/ct.de\/-2467514\" data-backend-url=\"https:\/\/untenlassen.org\/wp-content\/plugins\/shariff-sharing\/backend\/index.php\" data-temp=\"\/tmp\" data-ttl=\"60\" data-service=\"t\" data-services='[\"facebook\",\"twitter\",\"mail\",\"info\"]' data-image=\"\" data-url=\"https:\/\/untenlassen.org\/fr\/apl-prof-dr-niko-paech-lehrbeauftragter-an-der-universitaet-siegen\" data-lang=\"fr\" data-theme=\"round\" data-orientation=\"horizontal\"><\/div>\n<\/div><\/li><li>Dr. Wolfgang Sachs, Autor, Wuppertal Institut:<div class=\"lcp_content\"><blockquote><p>&#8220;Die Menschenrechte gelten universell. Mit seinen Emissionen tr\u00e4gt der Konzern RWE mit dazu bei, das Recht auf Nahrung, auf Gesundheit und auf Behausung in anderen L\u00e4ndern der Welt zu verletzen. Damit ist geradezu die Pflicht zum Widerstand gegeben.&#8221;<\/p><\/blockquote>\n<div class=\"shariff\" data-title=\"Dr. Wolfgang Sachs, Autor, Wuppertal Institut:\" data-info-url=\"http:\/\/ct.de\/-2467514\" data-backend-url=\"https:\/\/untenlassen.org\/wp-content\/plugins\/shariff-sharing\/backend\/index.php\" data-temp=\"\/tmp\" data-ttl=\"60\" data-service=\"t\" data-services='[\"facebook\",\"twitter\",\"mail\",\"info\"]' data-image=\"\" data-url=\"https:\/\/untenlassen.org\/fr\/dr-wolfgang-sachs-autor-wuppertal-institut\" data-lang=\"fr\" data-theme=\"round\" data-orientation=\"horizontal\"><\/div>\n<div class=\"shariff\" data-title=\"Dr. Wolfgang Sachs, Autor, Wuppertal Institut:\" data-info-url=\"http:\/\/ct.de\/-2467514\" data-backend-url=\"https:\/\/untenlassen.org\/wp-content\/plugins\/shariff-sharing\/backend\/index.php\" data-temp=\"\/tmp\" data-ttl=\"60\" data-service=\"t\" data-services='[\"facebook\",\"twitter\",\"mail\",\"info\"]' data-image=\"\" data-url=\"https:\/\/untenlassen.org\/fr\/dr-wolfgang-sachs-autor-wuppertal-institut\" data-lang=\"fr\" data-theme=\"round\" data-orientation=\"horizontal\"><\/div>\n<\/div><\/li><li>Susan George, Pr\u00e4sidentin des Transnational Institute:<div class=\"lcp_content\"><blockquote><p>&#8220;RWE versucht, den legitimen Protest einer friedlichen Bewegung zu verhindern, die anstrebt, einen katastrophalen Klimawandel aufzuhalten sowie den Tod von tausenden B\u00fcrger*innen durch Verschmutzung. Kohle ist der dreckigste aller fossilen Energietr\u00e4ger. Und Protest ist seit 250 Jahren ein B\u00fcrgerrecht \u2013 schon mal was von Aufkl\u00e4rung geh\u00f6rt? RWE darf nicht gewinnen. Und Ende Gel\u00e4nde muss seinen inspirierenden Kampf fortsetzen.&#8221;<\/p><\/blockquote>\n<p><a href=\"https:\/\/www.tni.org\/en\/profile\/susan-george\" target=\"_blank\">https:\/\/www.tni.org\/en\/profile\/susan-george<\/a><\/p>\n<div class=\"shariff\" data-title=\"Susan George, Pr\u00e4sidentin des Transnational Institute:\" data-info-url=\"http:\/\/ct.de\/-2467514\" data-backend-url=\"https:\/\/untenlassen.org\/wp-content\/plugins\/shariff-sharing\/backend\/index.php\" data-temp=\"\/tmp\" data-ttl=\"60\" data-service=\"t\" data-services='[\"facebook\",\"twitter\",\"mail\",\"info\"]' data-image=\"\" data-url=\"https:\/\/untenlassen.org\/fr\/susan-george\" data-lang=\"fr\" data-theme=\"round\" data-orientation=\"horizontal\"><\/div>\n<div class=\"shariff\" data-title=\"Susan George, Pr\u00e4sidentin des Transnational Institute:\" data-info-url=\"http:\/\/ct.de\/-2467514\" data-backend-url=\"https:\/\/untenlassen.org\/wp-content\/plugins\/shariff-sharing\/backend\/index.php\" data-temp=\"\/tmp\" data-ttl=\"60\" data-service=\"t\" data-services='[\"facebook\",\"twitter\",\"mail\",\"info\"]' data-image=\"\" data-url=\"https:\/\/untenlassen.org\/fr\/susan-george\" data-lang=\"fr\" data-theme=\"round\" data-orientation=\"horizontal\"><\/div>\n<\/div><\/li><li>Prof. Dr. Joan Martinez-Alier, ICTA UAB (Barcelona), EnvJustice project:<div class=\"lcp_content\"><blockquote><p>&#8220;An die tausende Teilnehmer*innen von Ende Gel\u00e4nde, die ihre eigene Zukunft riskieren, um unsere gemeinsame Zukunft zu sch\u00fctzen: Ihr seid heldenhaft! Wenn durch eure Aktionen ein Teil der sch\u00e4dlichen fossilen Energietr\u00e4ger im Boden bleibt, habt ihr nicht nur eine gesellschaftliche Akzeptanz, sondern auch eine wissenschaftliche Grundlage. Friedliche direkte Aktionen, um Braunkohleabbau zu stoppen, beruhen auf naturwissenschaftlichen Erkenntnissen, dass Kohle im Boden bleiben muss, um globale Erw\u00e4rmung zu verlangsamen. Ihr erweist uns allen einen gro\u00dfen Dienst &#8211; wir sind es, die eure Prozesskosten zahlen sollten, daf\u00fcr, dass ihr versucht, Braunkohleabbau mit Ende Gel\u00e4nde zu stoppen.&#8221;<\/p><\/blockquote>\n<p><a href=\"http:\/\/www.envjustice.org\" target=\"_blank\">http:\/\/www.envjustice.org<\/a><\/p>\n<div class=\"shariff\" data-title=\"Prof. Dr. Joan Martinez-Alier, ICTA UAB (Barcelona), EnvJustice project:\" data-info-url=\"http:\/\/ct.de\/-2467514\" data-backend-url=\"https:\/\/untenlassen.org\/wp-content\/plugins\/shariff-sharing\/backend\/index.php\" data-temp=\"\/tmp\" data-ttl=\"60\" data-service=\"t\" data-services='[\"facebook\",\"twitter\",\"mail\",\"info\"]' data-image=\"\" data-url=\"https:\/\/untenlassen.org\/fr\/joan-martinez-alier\" data-lang=\"fr\" data-theme=\"round\" data-orientation=\"horizontal\"><\/div>\n<div class=\"shariff\" data-title=\"Prof. Dr. Joan Martinez-Alier, ICTA UAB (Barcelona), EnvJustice project:\" data-info-url=\"http:\/\/ct.de\/-2467514\" data-backend-url=\"https:\/\/untenlassen.org\/wp-content\/plugins\/shariff-sharing\/backend\/index.php\" data-temp=\"\/tmp\" data-ttl=\"60\" data-service=\"t\" data-services='[\"facebook\",\"twitter\",\"mail\",\"info\"]' data-image=\"\" data-url=\"https:\/\/untenlassen.org\/fr\/joan-martinez-alier\" data-lang=\"fr\" data-theme=\"round\" data-orientation=\"horizontal\"><\/div>\n<\/div><\/li><\/ul>\n","protected":false},"excerpt":{"rendered":"<p>Viele Menschen zeigen sich solidarisch mit den von Repression Betroffenen &#8211; sei es durch finanzielle Unterst\u00fctzung oder dadurch, dass sie uns ihre Solidarit\u00e4t aussprechen. Beides ist von unglaublichem Wert, wenn es darum geht zu zeigen, dass zwar Einzelne betroffen, aber wir alle gemeint sind. Lest hier, wer uns unterst\u00fctzt und warum:<\/p>\n","protected":false},"author":1,"featured_media":0,"parent":42,"menu_order":0,"comment_status":"closed","ping_status":"closed","template":"","meta":{"ngg_post_thumbnail":0,"footnotes":""},"class_list":["post-89","page","type-page","status-publish","hentry"],"translation":{"provider":"WPGlobus","version":"3.0.2","language":"fr","enabled_languages":["de","en","fr"],"languages":{"de":{"title":true,"content":true,"excerpt":false},"en":{"title":true,"content":true,"excerpt":false},"fr":{"title":false,"content":false,"excerpt":false}}},"_links":{"self":[{"href":"https:\/\/untenlassen.org\/fr\/wp-json\/wp\/v2\/pages\/89","targetHints":{"allow":["GET"]}}],"collection":[{"href":"https:\/\/untenlassen.org\/fr\/wp-json\/wp\/v2\/pages"}],"about":[{"href":"https:\/\/untenlassen.org\/fr\/wp-json\/wp\/v2\/types\/page"}],"author":[{"embeddable":true,"href":"https:\/\/untenlassen.org\/fr\/wp-json\/wp\/v2\/users\/1"}],"replies":[{"embeddable":true,"href":"https:\/\/untenlassen.org\/fr\/wp-json\/wp\/v2\/comments?post=89"}],"version-history":[{"count":23,"href":"https:\/\/untenlassen.org\/fr\/wp-json\/wp\/v2\/pages\/89\/revisions"}],"predecessor-version":[{"id":1536,"href":"https:\/\/untenlassen.org\/fr\/wp-json\/wp\/v2\/pages\/89\/revisions\/1536"}],"up":[{"embeddable":true,"href":"https:\/\/untenlassen.org\/fr\/wp-json\/wp\/v2\/pages\/42"}],"wp:attachment":[{"href":"https:\/\/untenlassen.org\/fr\/wp-json\/wp\/v2\/media?parent=89"}],"curies":[{"name":"wp","href":"https:\/\/api.w.org\/{rel}","templated":true}]}}