{"id":968,"date":"2017-03-22T22:56:16","date_gmt":"2017-03-22T21:56:16","guid":{"rendered":"https:\/\/untenlassen.org\/?page_id=968"},"modified":"2019-02-23T17:30:54","modified_gmt":"2019-02-23T16:30:54","slug":"presse","status":"publish","type":"page","link":"https:\/\/untenlassen.org\/fr\/presse","title":{"rendered":"Presse"},"content":{"rendered":"<p><a href=\"https:\/\/untenlassen.org\/wp-content\/uploads\/2017\/03\/Presseinfo-untenlassen.pdf\">Presseinfo zur Kampagne &#8220;Kohle unten lassen statt Protest unterlassen&#8221; (PDF)<\/a> (Stand: Februar 2017)<\/p>\n<h2>Pressespiegel<\/h2>\n<p><a href=\"http:\/\/www.rp-online.de\/nrw\/staedte\/erkelenz\/freisprueche-fuer-umwelt-aktivisten-haben-bestand-aid-1.7284857\" target=\"_blank\" rel=\"noopener\">Freispr\u00fcche f\u00fcr Umwelt-Aktivisten haben Bestand<\/a>, RP ONLINE, 23.12.2017<\/p>\n<p><a href=\"http:\/\/www.klimaretter.info\/service\/aktion-des-monats\/23592-aktion-des-monats-september-2017\" target=\"_blank\" rel=\"noopener\">Klimaschutz ist kein Unrecht<\/a>, klimaretter.info, 01.09.2017<\/p>\n<p><a href=\"http:\/\/www.rp-online.de\/nrw\/staedte\/grevenbroich\/freispruch-fuer-drei-tagebaugegner-aid-1.6859552\" target=\"_blank\" rel=\"noopener noreferrer\">Freispruch f\u00fcr drei Tagebaugegner<\/a>, RP ONLINE, 02.06.2017<\/p>\n<p><a href=\"https:\/\/www.mixcloud.com\/wabf_Empowerment_Radio\/20170419-weradio-show-radio-gegen-alles-4\/\" target=\"_blank\" rel=\"noopener noreferrer\">Radio-Interview zu Ende Gel\u00e4nde und UNTEN LASSEN<\/a>, 19.04.2017, Anti-Atom-Radio Gegen Alles und f\u00fcr die Umwelt (09:47 min bis 25:32 min)<\/p>\n<p><a href=\"https:\/\/www.neues-deutschland.de\/artikel\/1047108.klimaretter-lassen-sich-nicht-abschrecken.html\" target=\"_blank\" rel=\"noopener noreferrer\">Klimaretter lassen sich nicht abschrecken<\/a>, Neues Deutschland, 05.04.2017<\/p>\n<p><a href=\"http:\/\/www.rp-online.de\/nrw\/staedte\/grevenbroich\/ende-gelaende-aktion-erster-freispruch-aid-1.6735746\" target=\"_blank\" rel=\"noopener noreferrer\">Ende-Gel\u00e4nde-Aktion &#8211; erster Freispruch<\/a>, RP ONLINE, 05.04.2017<\/p>\n<p><a href=\"http:\/\/www.ksta.de\/region\/rhein-erft\/kerpen\/trotz-illegalitaet-wiesencamp-am-hambacher-forst-bleibt-bis-auf-weiteres-26296362\" target=\"_blank\" rel=\"noopener noreferrer\">Wiesencamp am Hambacher Forst bleibt bis auf Weiteres<\/a>, K\u00f6lner Stadtanzeiger, 03.04.2017<\/p>\n<p><a href=\"https:\/\/www.jungewelt.de\/artikel\/308224.energiekonzern-rwe-eskaliert.html\" target=\"_blank\" rel=\"noopener noreferrer\">&#8220;Energiekonzern RWE eskaliert&#8221;<\/a>, junge Welt, 01.04.2017<\/p>\n<p><a href=\"http:\/\/www.dielinke-nrw.de\/nc\/politik\/presseerklaerungen\/detail_nachrichten\/zurueck\/nachrichten-1\/artikel\/linke-protest-gegen-rwe-ist-vollkommen-legitim\/\" target=\"_blank\" rel=\"noopener noreferrer\">Pressemitteilung von DIE LINKE: Protest gegen RWE ist vollkommen legitim<\/a>, 31.03.2017<\/p>\n<p><a href=\"https:\/\/www.ende-gelaende.org\/de\/press-release\/pressemitteilung-vom-31-3-2017-bonn\/\" target=\"_blank\" rel=\"noopener noreferrer\">Pressemitteilung von Ende Gel\u00e4nde: RWE geht mit Zivilklagen gegen Ende Gel\u00e4nde Aktivist*innen vor<\/a>, 31.03.2017<\/p>\n<p><a href=\"http:\/\/www.dielinke-nrw.de\/nc\/politik\/presseerklaerungen\/detail_nachrichten\/zurueck\/nachrichten-1\/artikel\/linke-protest-gegen-rwe-ist-vollkommen-legitim\/\" target=\"_blank\" rel=\"noopener noreferrer\">RWE droht mit Klagewelle gegen Protestler<\/a>, klimaretter.info, 31.03.2017<\/p>\n<p><a href=\"http:\/\/www.taz.de\/Dorf-soll-Tagebau-weichen\/!5392604\/\" target=\"_blank\" rel=\"noopener noreferrer\">Rebellieren durch Reparieren<\/a>, taz.de, 29.03.2017<\/p>\n<p><a href=\"http:\/\/www.ksta.de\/region\/rhein-erft\/kerpen\/erbitterte-gegner--initiative-und-rwe-setzen-beim-hambacher-forst-weiter-auf-gespraeche-26235206-seite2\" target=\"_blank\" rel=\"noopener noreferrer\">Erbitterte Gegner: Initiative und RWE setzen beim Hambacher Forst weiter auf Gespr\u00e4che<\/a>, K\u00f6lner Stadtanzeiger, 22.03.2017<\/p>\n<p><a href=\"http:\/\/www1.wdr.de\/nachrichten\/rheinland\/braunkohlegegner-contra-rwe-100.html\" target=\"_blank\" rel=\"noopener noreferrer\">Erkelenz: Neuer Streit zwischen RWE und Braunkohlegegnern<\/a>, WDR.DE, 20.03.2017<\/p>\n","protected":false},"excerpt":{"rendered":"<p>Presseinfo zur Kampagne &#8220;Kohle unten lassen statt Protest unterlassen&#8221; (PDF) (Stand: Februar 2017) Pressespiegel Freispr\u00fcche f\u00fcr Umwelt-Aktivisten haben Bestand, RP ONLINE, 23.12.2017 Klimaschutz ist kein Unrecht, klimaretter.info, 01.09.2017 Freispruch f\u00fcr drei Tagebaugegner, RP ONLINE, 02.06.2017 Radio-Interview zu Ende Gel\u00e4nde und UNTEN LASSEN, 19.04.2017, Anti-Atom-Radio Gegen Alles und f\u00fcr die Umwelt (09:47 min bis 25:32 min) &hellip; <a href=\"https:\/\/untenlassen.org\/fr\/presse\" class=\"more-link\">Continue reading<span class=\"screen-reader-text\"> &#8220;Presse&#8221;<\/span><\/a><\/p>\n","protected":false},"author":1,"featured_media":0,"parent":0,"menu_order":0,"comment_status":"closed","ping_status":"closed","template":"","meta":{"ngg_post_thumbnail":0,"footnotes":""},"class_list":["post-968","page","type-page","status-publish","hentry"],"translation":{"provider":"WPGlobus","version":"3.0.2","language":"fr","enabled_languages":["de","en","fr"],"languages":{"de":{"title":true,"content":true,"excerpt":false},"en":{"title":false,"content":false,"excerpt":false},"fr":{"title":false,"content":false,"excerpt":false}}},"_links":{"self":[{"href":"https:\/\/untenlassen.org\/fr\/wp-json\/wp\/v2\/pages\/968","targetHints":{"allow":["GET"]}}],"collection":[{"href":"https:\/\/untenlassen.org\/fr\/wp-json\/wp\/v2\/pages"}],"about":[{"href":"https:\/\/untenlassen.org\/fr\/wp-json\/wp\/v2\/types\/page"}],"author":[{"embeddable":true,"href":"https:\/\/untenlassen.org\/fr\/wp-json\/wp\/v2\/users\/1"}],"replies":[{"embeddable":true,"href":"https:\/\/untenlassen.org\/fr\/wp-json\/wp\/v2\/comments?post=968"}],"version-history":[{"count":25,"href":"https:\/\/untenlassen.org\/fr\/wp-json\/wp\/v2\/pages\/968\/revisions"}],"predecessor-version":[{"id":1690,"href":"https:\/\/untenlassen.org\/fr\/wp-json\/wp\/v2\/pages\/968\/revisions\/1690"}],"wp:attachment":[{"href":"https:\/\/untenlassen.org\/fr\/wp-json\/wp\/v2\/media?parent=968"}],"curies":[{"name":"wp","href":"https:\/\/api.w.org\/{rel}","templated":true}]}}